{"id":15760,"date":"2021-04-19T16:28:16","date_gmt":"2021-04-19T16:28:16","guid":{"rendered":"https:\/\/fjellheimengalleri.no\/?page_id=15760"},"modified":"2026-01-13T21:57:55","modified_gmt":"2026-01-13T21:57:55","slug":"orsolya-haarberg","status":"publish","type":"page","link":"https:\/\/fjellheimengalleri.no\/no\/orsolya-haarberg\/","title":{"rendered":"Om kunstneren"},"content":{"rendered":"\n<div style=\"height:11px\" aria-hidden=\"true\" class=\"wp-block-spacer\"><\/div>\n\n\n\n<div class=\"wp-block-columns is-layout-flex wp-container-core-columns-is-layout-9d6595d7 wp-block-columns-is-layout-flex\">\n<div class=\"wp-block-column is-layout-flow wp-block-column-is-layout-flow\" style=\"flex-basis:33.33%\">\n<figure class=\"wp-block-image size-large\"><img loading=\"lazy\" decoding=\"async\" width=\"700\" height=\"700\" src=\"https:\/\/fjellheimengalleri.no\/wp-content\/uploads\/2023\/05\/Orsolya-Haarberg_foto-Roger-Illing_027-1-700x700.jpg\" alt=\"\" class=\"wp-image-17352\" srcset=\"https:\/\/fjellheimengalleri.no\/wp-content\/uploads\/2023\/05\/Orsolya-Haarberg_foto-Roger-Illing_027-1.jpg 700w, https:\/\/fjellheimengalleri.no\/wp-content\/uploads\/2023\/05\/Orsolya-Haarberg_foto-Roger-Illing_027-1-510x510.jpg 510w, https:\/\/fjellheimengalleri.no\/wp-content\/uploads\/2023\/05\/Orsolya-Haarberg_foto-Roger-Illing_027-1-320x320.jpg 320w, https:\/\/fjellheimengalleri.no\/wp-content\/uploads\/2023\/05\/Orsolya-Haarberg_foto-Roger-Illing_027-1-100x100.jpg 100w, https:\/\/fjellheimengalleri.no\/wp-content\/uploads\/2023\/05\/Orsolya-Haarberg_foto-Roger-Illing_027-1-320x320@2x.jpg 640w\" sizes=\"auto, (max-width: 700px) 100vw, 700px\" \/><\/figure>\n<\/div>\n\n\n\n<div class=\"wp-block-column is-layout-flow wp-block-column-is-layout-flow\" style=\"flex-basis:66.66%\">\n<p>Fotograf og interi\u00f8rdesigner Orsolya Haarberg (1977) er f\u00f8dt og oppvokst i Ungarn, og er utdannet landskapsarkitekt. Da hun flyttet til Norge i 2005, gjorde hun sin lidenskap for fotografering til sitt yrke.<br><\/p>\n\n\n\n<p><\/p>\n\n\n\n<p>Hun har vunnet en rekke internasjonale priser og utmerkelser som fotograf. Merittlisten omfatter blant annet <a href=\"https:\/\/fjellheimengalleri.no\/no\/utstillinger\/utstillingshistorie\/\"><strong>utstillinger<\/strong><\/a> internasjonalt, fire <a href=\"https:\/\/fjellheimengalleri.no\/no\/boker\/\"><strong>b\u00f8ker<\/strong><\/a> p\u00e5 syv forskjellige spr\u00e5k og publisering av <strong><a href=\"https:\/\/fjellheimengalleri.no\/no\/artikler-og-forsidebilder-i-national-geographic-magazine\/\">fire fotoartikler i <em>National Geographic magazine<\/em><\/a> <\/strong>globalt. Hennes p\u00e5g\u00e5ende foto-prosjekt omhandler norske fjell.<br><br><em>\u00abJeg fors\u00f8ker \u00e5 skape bilder som fascinerer og som foreviger landskapet i en tid med store forandringer og uforutsigbarhet. <\/em><br><em>Jeg manipulerer ingen bilder. Ingen elementer fjernes, eller legges til.<br>Jeg s\u00f8ker det unike i naturen, det store i det lille, kontrastene. N\u00e5r nysgjerrigheten min vekkes, blir jeg ett med landskapet igjennom s\u00f8keren, egoet mitt stilner. Forenkling av motivet og utarbeiding av en behagelig balanse i bilde elementene, hjelper meg til \u00e5 videreformidle stillheten som er inni meg, selv i stormskyene&#8230;\u00bb<\/em><br><\/p>\n\n\n\n<p><a>I 2020, etter femten \u00e5r p\u00e5 reisefot i Norden, bosatte Orsolya seg i V\u00e5g\u00e5. Midt i hjertet av Fjell-Norge etablerte hun Fjellheimen Galleri. Her formidler hun sine fotografier og interi\u00f8rprodukter laget av unike og kortreiste r\u00e5materialer fra fjellheimen.<\/a>\u00a0<\/p>\n\n\n\n<p>I prosjektet \u00ab<a href=\"http:\/\/www.rein-design.no\"><strong>REiN \u2013 naturlig nordisk<\/strong><\/a>\u00bb har Orsolya fordypet seg i reingevir fra Jotunheimen som r\u00e5materiale og estetisk inspirasjon. Hun skaper skulpturer basert p\u00e5 naturens egne prinsipper, eller omskaper de organiske formene i en ny konseptuell helhet. Hun overf\u00f8rer gevirenes naturlige former til interi\u00f8r som m\u00f8ter menneskets behov.<\/p>\n\n\n\n<p><\/p>\n\n\n\n<div style=\"height:12px\" aria-hidden=\"true\" class=\"wp-block-spacer\"><\/div>\n\n\n\n<h3 class=\"wp-block-heading\">Utvalgte fotoutstillinger:<\/h3>\n\n\n\n<p><em>Maison Senato Photography Residence<\/em>, Milan, Italy | 2025<\/p>\n\n\n\n<p><em>Fjellheimen Galleri<\/em>, Lom | 2025<\/p>\n\n\n\n<p><em>Eker G\u00e5rd<\/em>, Beitost\u00f8len | 2025<\/p>\n\n\n\n<p><em>Ullinsvin<\/em>, V\u00e5g\u00e5 | Stille natur | 2024<\/p>\n\n\n\n<p><em>Ringebu Presteg\u00e5rd<\/em> | Stille krefter | 2024<\/p>\n\n\n\n<p><em>Det Ungarske Nasjonalmuseet<\/em>, Budapest | <em>National Geographic<\/em> Ungarn 20 \u00e5rs jubileumsutstilling | Kollektivutstilling | 2023<\/p>\n\n\n\n<p><em>Ullinsvin<\/em>, V\u00e5g\u00e5 | REiN \u2013 inspirert av nordisk natur | 2023<\/p>\n\n\n\n<p><em>Kunsthalle<\/em>, Budapest, Ungarn | Images of light \u2013 2nd National Salon of Photography 2021 | Kollektivutstilling | 2021<\/p>\n\n\n\n<p><em>Ullinsvin,<\/em> V\u00e5g\u00e5 | Laponia \u2013 storslagen stillhet; Island &#8211; kontrastenes land | 2020<\/p>\n\n\n\n<p><em>Stadtmuseum Schleswig<\/em>, Tyskland | Visions of the North | 2019<\/p>\n\n\n\n<p><em>\u00c1jtte, Svenskt fj\u00e4ll- och samemuseum<\/em>, Sverige | Laponia \u2013 storslagen stillhet; Levende fjell | 2018<\/p>\n\n\n\n<p><em>Det Ungarske Nasjonalmuseet<\/em>, Budapest, Ungarn | naturArt 25 kollektivutstilling | 2018<\/p>\n\n\n\n<p><em>Gallery Naturfotografiska<\/em>, Hallstahammar, Sverige | Laponia \u2013 storslagen stillhet; Island \u2013 kontrastenes land | 2018<\/p>\n\n\n\n<p><em>Kunsthalle<\/em>, Budapest, Ungarn | Pictures and Pixels, Photographic Art \u2013 and Beyond | 2016<\/p>\n\n\n\n<p><em>Fotomessen Stockholm<\/em>, Norge | 2012<\/p>\n\n\n\n<p><em>Fotomessen K\u00f8benhavn<\/em>, Danmark | Soloutstilling | 2012<\/p>\n\n\n\n<p><em>Fotomessen Oslo<\/em>, Norge | 2012<\/p>\n<\/div>\n<\/div>\n","protected":false},"excerpt":{"rendered":"<p>Fotograf og interi\u00f8rdesigner Orsolya Haarberg (1977) er f\u00f8dt og oppvokst i Ungarn, og er utdannet landskapsarkitekt. Da hun flyttet til Norge i 2005, gjorde hun sin lidenskap for fotografering til sitt yrke. Hun har vunnet en rekke internasjonale priser og utmerkelser som fotograf. Merittlisten omfatter blant annet utstillinger internasjonalt, fire b\u00f8ker p\u00e5 syv forskjellige spr\u00e5k &#8230; <a title=\"Om kunstneren\" class=\"read-more\" href=\"https:\/\/fjellheimengalleri.no\/no\/orsolya-haarberg\/\" aria-label=\"Read more about Om kunstneren\">Les mer<\/a><\/p>\n","protected":false},"author":2,"featured_media":0,"parent":0,"menu_order":0,"comment_status":"closed","ping_status":"closed","template":"","meta":{"footnotes":""},"class_list":["post-15760","page","type-page","status-publish"],"yoast_head":"<!-- This site is optimized with the Yoast SEO plugin v27.5 - https:\/\/yoast.com\/product\/yoast-seo-wordpress\/ -->\n<title>Om kunstneren - Fjellheimen Galleri<\/title>\n<meta name=\"robots\" content=\"index, follow, max-snippet:-1, max-image-preview:large, max-video-preview:-1\" \/>\n<link rel=\"canonical\" href=\"https:\/\/fjellheimengalleri.no\/no\/orsolya-haarberg\/\" \/>\n<meta property=\"og:locale\" content=\"nb_NO\" \/>\n<meta property=\"og:type\" content=\"article\" \/>\n<meta property=\"og:title\" content=\"Om kunstneren - Fjellheimen Galleri\" \/>\n<meta property=\"og:description\" content=\"Fotograf og interi\u00f8rdesigner Orsolya Haarberg (1977) er f\u00f8dt og oppvokst i Ungarn, og er utdannet landskapsarkitekt. Da hun flyttet til Norge i 2005, gjorde hun sin lidenskap for fotografering til sitt yrke. Hun har vunnet en rekke internasjonale priser og utmerkelser som fotograf. Merittlisten omfatter blant annet utstillinger internasjonalt, fire b\u00f8ker p\u00e5 syv forskjellige spr\u00e5k ... Les mer\" \/>\n<meta property=\"og:url\" content=\"https:\/\/fjellheimengalleri.no\/no\/orsolya-haarberg\/\" \/>\n<meta property=\"og:site_name\" content=\"Fjellheimen Galleri\" \/>\n<meta property=\"article:modified_time\" content=\"2026-01-13T21:57:55+00:00\" \/>\n<meta property=\"og:image\" content=\"https:\/\/fjellheimengalleri.no\/wp-content\/uploads\/2023\/05\/Orsolya-Haarberg_foto-Roger-Illing_027-1.jpg\" \/>\n\t<meta property=\"og:image:width\" content=\"700\" \/>\n\t<meta property=\"og:image:height\" content=\"700\" \/>\n\t<meta property=\"og:image:type\" content=\"image\/jpeg\" \/>\n<meta name=\"twitter:card\" content=\"summary_large_image\" \/>\n<meta name=\"twitter:label1\" content=\"Ansl. lesetid\" \/>\n\t<meta name=\"twitter:data1\" content=\"2 minutter\" \/>\n<script type=\"application\/ld+json\" class=\"yoast-schema-graph\">{\"@context\":\"https:\\\/\\\/schema.org\",\"@graph\":[{\"@type\":\"WebPage\",\"@id\":\"https:\\\/\\\/fjellheimengalleri.no\\\/no\\\/orsolya-haarberg\\\/\",\"url\":\"https:\\\/\\\/fjellheimengalleri.no\\\/no\\\/orsolya-haarberg\\\/\",\"name\":\"Om kunstneren - Fjellheimen Galleri\",\"isPartOf\":{\"@id\":\"https:\\\/\\\/fjellheimengalleri.no\\\/no\\\/#website\"},\"primaryImageOfPage\":{\"@id\":\"https:\\\/\\\/fjellheimengalleri.no\\\/no\\\/orsolya-haarberg\\\/#primaryimage\"},\"image\":{\"@id\":\"https:\\\/\\\/fjellheimengalleri.no\\\/no\\\/orsolya-haarberg\\\/#primaryimage\"},\"thumbnailUrl\":\"https:\\\/\\\/fjellheimengalleri.no\\\/wp-content\\\/uploads\\\/2023\\\/05\\\/Orsolya-Haarberg_foto-Roger-Illing_027-1-700x700.jpg\",\"datePublished\":\"2021-04-19T16:28:16+00:00\",\"dateModified\":\"2026-01-13T21:57:55+00:00\",\"breadcrumb\":{\"@id\":\"https:\\\/\\\/fjellheimengalleri.no\\\/no\\\/orsolya-haarberg\\\/#breadcrumb\"},\"inLanguage\":\"nb-NO\",\"potentialAction\":[{\"@type\":\"ReadAction\",\"target\":[\"https:\\\/\\\/fjellheimengalleri.no\\\/no\\\/orsolya-haarberg\\\/\"]}]},{\"@type\":\"ImageObject\",\"inLanguage\":\"nb-NO\",\"@id\":\"https:\\\/\\\/fjellheimengalleri.no\\\/no\\\/orsolya-haarberg\\\/#primaryimage\",\"url\":\"https:\\\/\\\/fjellheimengalleri.no\\\/wp-content\\\/uploads\\\/2023\\\/05\\\/Orsolya-Haarberg_foto-Roger-Illing_027-1-700x700.jpg\",\"contentUrl\":\"https:\\\/\\\/fjellheimengalleri.no\\\/wp-content\\\/uploads\\\/2023\\\/05\\\/Orsolya-Haarberg_foto-Roger-Illing_027-1-700x700.jpg\"},{\"@type\":\"BreadcrumbList\",\"@id\":\"https:\\\/\\\/fjellheimengalleri.no\\\/no\\\/orsolya-haarberg\\\/#breadcrumb\",\"itemListElement\":[{\"@type\":\"ListItem\",\"position\":1,\"name\":\"Home\",\"item\":\"https:\\\/\\\/fjellheimengalleri.no\\\/no\\\/\"},{\"@type\":\"ListItem\",\"position\":2,\"name\":\"Om kunstneren\"}]},{\"@type\":\"WebSite\",\"@id\":\"https:\\\/\\\/fjellheimengalleri.no\\\/no\\\/#website\",\"url\":\"https:\\\/\\\/fjellheimengalleri.no\\\/no\\\/\",\"name\":\"Fjellheimen Galleri\",\"description\":\"PRISBEL\u00d8NTE FOTOGRAFIER OG H\u00c5NDLAGEDE BILDERAMMER AV GAMMELT TREVERK FRA DEN NORSKE FJELLHEIMEN, OG MER!\",\"publisher\":{\"@id\":\"https:\\\/\\\/fjellheimengalleri.no\\\/no\\\/#organization\"},\"potentialAction\":[{\"@type\":\"SearchAction\",\"target\":{\"@type\":\"EntryPoint\",\"urlTemplate\":\"https:\\\/\\\/fjellheimengalleri.no\\\/no\\\/?s={search_term_string}\"},\"query-input\":{\"@type\":\"PropertyValueSpecification\",\"valueRequired\":true,\"valueName\":\"search_term_string\"}}],\"inLanguage\":\"nb-NO\"},{\"@type\":\"Organization\",\"@id\":\"https:\\\/\\\/fjellheimengalleri.no\\\/no\\\/#organization\",\"name\":\"Fjellheimen Galleri\",\"url\":\"https:\\\/\\\/fjellheimengalleri.no\\\/no\\\/\",\"logo\":{\"@type\":\"ImageObject\",\"inLanguage\":\"nb-NO\",\"@id\":\"https:\\\/\\\/fjellheimengalleri.no\\\/no\\\/#\\\/schema\\\/logo\\\/image\\\/\",\"url\":\"https:\\\/\\\/fjellheimengalleri.no\\\/wp-content\\\/uploads\\\/2026\\\/02\\\/cropped-Logo_Bla_fjellheimen_galleri-1.png\",\"contentUrl\":\"https:\\\/\\\/fjellheimengalleri.no\\\/wp-content\\\/uploads\\\/2026\\\/02\\\/cropped-Logo_Bla_fjellheimen_galleri-1.png\",\"width\":769,\"height\":473,\"caption\":\"Fjellheimen Galleri\"},\"image\":{\"@id\":\"https:\\\/\\\/fjellheimengalleri.no\\\/no\\\/#\\\/schema\\\/logo\\\/image\\\/\"}}]}<\/script>\n<!-- \/ Yoast SEO plugin. -->","yoast_head_json":{"title":"Om kunstneren - Fjellheimen Galleri","robots":{"index":"index","follow":"follow","max-snippet":"max-snippet:-1","max-image-preview":"max-image-preview:large","max-video-preview":"max-video-preview:-1"},"canonical":"https:\/\/fjellheimengalleri.no\/no\/orsolya-haarberg\/","og_locale":"nb_NO","og_type":"article","og_title":"Om kunstneren - Fjellheimen Galleri","og_description":"Fotograf og interi\u00f8rdesigner Orsolya Haarberg (1977) er f\u00f8dt og oppvokst i Ungarn, og er utdannet landskapsarkitekt. Da hun flyttet til Norge i 2005, gjorde hun sin lidenskap for fotografering til sitt yrke. Hun har vunnet en rekke internasjonale priser og utmerkelser som fotograf. Merittlisten omfatter blant annet utstillinger internasjonalt, fire b\u00f8ker p\u00e5 syv forskjellige spr\u00e5k ... Les mer","og_url":"https:\/\/fjellheimengalleri.no\/no\/orsolya-haarberg\/","og_site_name":"Fjellheimen Galleri","article_modified_time":"2026-01-13T21:57:55+00:00","og_image":[{"width":700,"height":700,"url":"https:\/\/fjellheimengalleri.no\/wp-content\/uploads\/2023\/05\/Orsolya-Haarberg_foto-Roger-Illing_027-1.jpg","type":"image\/jpeg"}],"twitter_card":"summary_large_image","twitter_misc":{"Ansl. lesetid":"2 minutter"},"schema":{"@context":"https:\/\/schema.org","@graph":[{"@type":"WebPage","@id":"https:\/\/fjellheimengalleri.no\/no\/orsolya-haarberg\/","url":"https:\/\/fjellheimengalleri.no\/no\/orsolya-haarberg\/","name":"Om kunstneren - Fjellheimen Galleri","isPartOf":{"@id":"https:\/\/fjellheimengalleri.no\/no\/#website"},"primaryImageOfPage":{"@id":"https:\/\/fjellheimengalleri.no\/no\/orsolya-haarberg\/#primaryimage"},"image":{"@id":"https:\/\/fjellheimengalleri.no\/no\/orsolya-haarberg\/#primaryimage"},"thumbnailUrl":"https:\/\/fjellheimengalleri.no\/wp-content\/uploads\/2023\/05\/Orsolya-Haarberg_foto-Roger-Illing_027-1-700x700.jpg","datePublished":"2021-04-19T16:28:16+00:00","dateModified":"2026-01-13T21:57:55+00:00","breadcrumb":{"@id":"https:\/\/fjellheimengalleri.no\/no\/orsolya-haarberg\/#breadcrumb"},"inLanguage":"nb-NO","potentialAction":[{"@type":"ReadAction","target":["https:\/\/fjellheimengalleri.no\/no\/orsolya-haarberg\/"]}]},{"@type":"ImageObject","inLanguage":"nb-NO","@id":"https:\/\/fjellheimengalleri.no\/no\/orsolya-haarberg\/#primaryimage","url":"https:\/\/fjellheimengalleri.no\/wp-content\/uploads\/2023\/05\/Orsolya-Haarberg_foto-Roger-Illing_027-1-700x700.jpg","contentUrl":"https:\/\/fjellheimengalleri.no\/wp-content\/uploads\/2023\/05\/Orsolya-Haarberg_foto-Roger-Illing_027-1-700x700.jpg"},{"@type":"BreadcrumbList","@id":"https:\/\/fjellheimengalleri.no\/no\/orsolya-haarberg\/#breadcrumb","itemListElement":[{"@type":"ListItem","position":1,"name":"Home","item":"https:\/\/fjellheimengalleri.no\/no\/"},{"@type":"ListItem","position":2,"name":"Om kunstneren"}]},{"@type":"WebSite","@id":"https:\/\/fjellheimengalleri.no\/no\/#website","url":"https:\/\/fjellheimengalleri.no\/no\/","name":"Fjellheimen Galleri","description":"PRISBEL\u00d8NTE FOTOGRAFIER OG H\u00c5NDLAGEDE BILDERAMMER AV GAMMELT TREVERK FRA DEN NORSKE FJELLHEIMEN, OG MER!","publisher":{"@id":"https:\/\/fjellheimengalleri.no\/no\/#organization"},"potentialAction":[{"@type":"SearchAction","target":{"@type":"EntryPoint","urlTemplate":"https:\/\/fjellheimengalleri.no\/no\/?s={search_term_string}"},"query-input":{"@type":"PropertyValueSpecification","valueRequired":true,"valueName":"search_term_string"}}],"inLanguage":"nb-NO"},{"@type":"Organization","@id":"https:\/\/fjellheimengalleri.no\/no\/#organization","name":"Fjellheimen Galleri","url":"https:\/\/fjellheimengalleri.no\/no\/","logo":{"@type":"ImageObject","inLanguage":"nb-NO","@id":"https:\/\/fjellheimengalleri.no\/no\/#\/schema\/logo\/image\/","url":"https:\/\/fjellheimengalleri.no\/wp-content\/uploads\/2026\/02\/cropped-Logo_Bla_fjellheimen_galleri-1.png","contentUrl":"https:\/\/fjellheimengalleri.no\/wp-content\/uploads\/2026\/02\/cropped-Logo_Bla_fjellheimen_galleri-1.png","width":769,"height":473,"caption":"Fjellheimen Galleri"},"image":{"@id":"https:\/\/fjellheimengalleri.no\/no\/#\/schema\/logo\/image\/"}}]}},"_links":{"self":[{"href":"https:\/\/fjellheimengalleri.no\/no\/wp-json\/wp\/v2\/pages\/15760","targetHints":{"allow":["GET"]}}],"collection":[{"href":"https:\/\/fjellheimengalleri.no\/no\/wp-json\/wp\/v2\/pages"}],"about":[{"href":"https:\/\/fjellheimengalleri.no\/no\/wp-json\/wp\/v2\/types\/page"}],"author":[{"embeddable":true,"href":"https:\/\/fjellheimengalleri.no\/no\/wp-json\/wp\/v2\/users\/2"}],"replies":[{"embeddable":true,"href":"https:\/\/fjellheimengalleri.no\/no\/wp-json\/wp\/v2\/comments?post=15760"}],"version-history":[{"count":3,"href":"https:\/\/fjellheimengalleri.no\/no\/wp-json\/wp\/v2\/pages\/15760\/revisions"}],"predecessor-version":[{"id":21292,"href":"https:\/\/fjellheimengalleri.no\/no\/wp-json\/wp\/v2\/pages\/15760\/revisions\/21292"}],"wp:attachment":[{"href":"https:\/\/fjellheimengalleri.no\/no\/wp-json\/wp\/v2\/media?parent=15760"}],"curies":[{"name":"wp","href":"https:\/\/api.w.org\/{rel}","templated":true}]}}