{"id":17235,"date":"2021-12-03T17:07:43","date_gmt":"2023-03-19T08:59:12","guid":{"rendered":"https:\/\/fjellheimengalleri.no\/product\/connectedness-orsolya-haarberg-ramme-storrelse-59x79cm-m-artglass\/"},"modified":"2024-05-15T07:43:24","modified_gmt":"2024-05-15T07:43:24","slug":"connectedness_23cmx33cm","status":"publish","type":"product","link":"https:\/\/fjellheimengalleri.no\/no\/produkt\/connectedness_23cmx33cm\/","title":{"rendered":"Connectedness | Frame size: 23cm x 33cm"},"content":{"rendered":"","protected":false},"excerpt":{"rendered":"<p>Foto: Orsolya Haarberg<br \/>\nMotiv: r\u00f8dnebbterner<br \/>\nSted: Island<br \/>\n\u00c5r: 2008<\/p>\n<p>Fine art print:<\/p>\n<ul>\n<li><a href=\"https:\/\/fjellheimengalleri.no\/product\/connectedness\/\" target=\"_blank\" rel=\"noopener\"><em>Oppag p\u00e5 30<\/em><\/a><\/li>\n<li>Papir: Fabriano Printmaking Rag 310gsm (matt fine art papir)<!--<span id=\"__caret\"--><\/li>\n<li>Print st\u00f8rrelse: 20cm x 30cm<\/li>\n<li>Papir st\u00f8rrelse: 20cm x 30cm<\/li>\n<li>Montering: 5mm tykk skumplate<\/li>\n<li>Ramme st\u00f8rrelse: 23cm x 33cm<\/li>\n<\/ul>\n<p>Ramme: Holm\u00f8 #37 av Orsolya Haarberg. Unik bilderamme som er laget av naturlig solsvidd trevirke hentet fra gamle uthus i V\u00e5g\u00e5.<\/p>\n<p>Bildene er nummerert, signert og levert med ektehetsbevis.<\/p>\n<p>&nbsp;<\/p>\n<p>Fotografiet er tilgjengelig i standard treramme. F\u00f8lg lenken under for bestilling:<\/p>\n<ul>\n<li><a href=\"https:\/\/fjellheimengalleri.no\/product\/connectedness\/\" target=\"_blank\" rel=\"noopener\"><em>50cm x 75cm fine art print i hvit treramme<\/em><\/a><\/li>\n<\/ul>\n","protected":false},"featured_media":18342,"template":"","meta":[],"product_brand":[],"product_cat":[344],"product_tag":[],"product-subject":[],"product-season":[],"product-exhibition":[347],"product-theme":[],"product-colour":[],"product-land":[328],"product-print-size":[],"class_list":{"0":"post-17235","1":"product","2":"type-product","3":"status-publish","4":"has-post-thumbnail","6":"product_cat-prints-in-handcrafted-frames-all-no","7":"product_shipping_class-40x60x15","8":"product-exhibition-40x60cm","9":"product-land-island","10":"sales-flash-overlay","11":"woocommerce-text-align-center","12":"woocommerce-image-align-center","13":"do-quantity-buttons","15":"first","16":"instock","17":"sold-individually","18":"shipping-taxable","19":"purchasable","20":"product-type-simple"},"yoast_head":"<!-- This site is optimized with the Yoast SEO plugin v27.5 - https:\/\/yoast.com\/product\/yoast-seo-wordpress\/ -->\n<title>Connectedness | Frame size: 23cm x 33cm - Fjellheimen Galleri<\/title>\n<meta name=\"robots\" content=\"index, follow, max-snippet:-1, max-image-preview:large, max-video-preview:-1\" \/>\n<link rel=\"canonical\" href=\"https:\/\/fjellheimengalleri.no\/no\/produkt\/connectedness_23cmx33cm\/\" \/>\n<meta property=\"og:locale\" content=\"nb_NO\" \/>\n<meta property=\"og:type\" content=\"article\" \/>\n<meta property=\"og:title\" content=\"Connectedness | Frame size: 23cm x 33cm - Fjellheimen Galleri\" \/>\n<meta property=\"og:description\" content=\"Foto: Orsolya Haarberg Motiv: r\u00f8dnebbterner Sted: Island \u00c5r: 2008  Fine art print:   Oppag p\u00e5 30  Papir: Fabriano Printmaking Rag 310gsm (matt fine art papir)  Print st\u00f8rrelse: 20cm x 30cm  Papir st\u00f8rrelse: 20cm x 30cm  Montering: 5mm tykk skumplate  Ramme st\u00f8rrelse: 23cm x 33cm  Ramme: Holm\u00f8 #37 av Orsolya Haarberg. Unik bilderamme som er laget av naturlig solsvidd trevirke hentet fra gamle uthus i V\u00e5g\u00e5.  Bildene er nummerert, signert og levert med ektehetsbevis.  &nbsp;  Fotografiet er tilgjengelig i standard treramme. F\u00f8lg lenken under for bestilling:   50cm x 75cm fine art print i hvit treramme\" \/>\n<meta property=\"og:url\" content=\"https:\/\/fjellheimengalleri.no\/no\/produkt\/connectedness_23cmx33cm\/\" \/>\n<meta property=\"og:site_name\" content=\"Fjellheimen Galleri\" \/>\n<meta property=\"article:modified_time\" content=\"2024-05-15T07:43:24+00:00\" \/>\n<meta property=\"og:image\" content=\"https:\/\/fjellheimengalleri.no\/wp-content\/uploads\/2021\/12\/FH37_330x229_291x190_2-30.jpg\" \/>\n\t<meta property=\"og:image:width\" content=\"1600\" \/>\n\t<meta property=\"og:image:height\" content=\"1110\" \/>\n\t<meta property=\"og:image:type\" content=\"image\/jpeg\" \/>\n<meta name=\"twitter:card\" content=\"summary_large_image\" \/>\n<meta name=\"twitter:label1\" content=\"Ansl. lesetid\" \/>\n\t<meta name=\"twitter:data1\" content=\"1 minutt\" \/>\n<script type=\"application\/ld+json\" class=\"yoast-schema-graph\">{\"@context\":\"https:\\\/\\\/schema.org\",\"@graph\":[{\"@type\":\"WebPage\",\"@id\":\"https:\\\/\\\/fjellheimengalleri.no\\\/no\\\/produkt\\\/connectedness_23cmx33cm\\\/\",\"url\":\"https:\\\/\\\/fjellheimengalleri.no\\\/no\\\/produkt\\\/connectedness_23cmx33cm\\\/\",\"name\":\"Connectedness | Frame size: 23cm x 33cm - Fjellheimen Galleri\",\"isPartOf\":{\"@id\":\"https:\\\/\\\/fjellheimengalleri.no\\\/no\\\/#website\"},\"primaryImageOfPage\":{\"@id\":\"https:\\\/\\\/fjellheimengalleri.no\\\/no\\\/produkt\\\/connectedness_23cmx33cm\\\/#primaryimage\"},\"image\":{\"@id\":\"https:\\\/\\\/fjellheimengalleri.no\\\/no\\\/produkt\\\/connectedness_23cmx33cm\\\/#primaryimage\"},\"thumbnailUrl\":\"https:\\\/\\\/fjellheimengalleri.no\\\/wp-content\\\/uploads\\\/2021\\\/12\\\/FH37_330x229_291x190_2-30.jpg\",\"datePublished\":\"2023-03-19T08:59:12+00:00\",\"dateModified\":\"2024-05-15T07:43:24+00:00\",\"breadcrumb\":{\"@id\":\"https:\\\/\\\/fjellheimengalleri.no\\\/no\\\/produkt\\\/connectedness_23cmx33cm\\\/#breadcrumb\"},\"inLanguage\":\"nb-NO\",\"potentialAction\":[{\"@type\":\"ReadAction\",\"target\":[\"https:\\\/\\\/fjellheimengalleri.no\\\/no\\\/produkt\\\/connectedness_23cmx33cm\\\/\"]}]},{\"@type\":\"ImageObject\",\"inLanguage\":\"nb-NO\",\"@id\":\"https:\\\/\\\/fjellheimengalleri.no\\\/no\\\/produkt\\\/connectedness_23cmx33cm\\\/#primaryimage\",\"url\":\"https:\\\/\\\/fjellheimengalleri.no\\\/wp-content\\\/uploads\\\/2021\\\/12\\\/FH37_330x229_291x190_2-30.jpg\",\"contentUrl\":\"https:\\\/\\\/fjellheimengalleri.no\\\/wp-content\\\/uploads\\\/2021\\\/12\\\/FH37_330x229_291x190_2-30.jpg\",\"width\":1600,\"height\":1110},{\"@type\":\"BreadcrumbList\",\"@id\":\"https:\\\/\\\/fjellheimengalleri.no\\\/no\\\/produkt\\\/connectedness_23cmx33cm\\\/#breadcrumb\",\"itemListElement\":[{\"@type\":\"ListItem\",\"position\":1,\"name\":\"Home\",\"item\":\"https:\\\/\\\/fjellheimengalleri.no\\\/no\\\/\"},{\"@type\":\"ListItem\",\"position\":2,\"name\":\"Velkommen til Fjellheimen galleri!\",\"item\":\"https:\\\/\\\/fjellheimengalleri.no\\\/no\\\/shop\\\/\"},{\"@type\":\"ListItem\",\"position\":3,\"name\":\"Connectedness | Frame size: 23cm x 33cm\"}]},{\"@type\":\"WebSite\",\"@id\":\"https:\\\/\\\/fjellheimengalleri.no\\\/no\\\/#website\",\"url\":\"https:\\\/\\\/fjellheimengalleri.no\\\/no\\\/\",\"name\":\"Fjellheimen Galleri\",\"description\":\"PRISBEL\u00d8NTE FOTOGRAFIER OG H\u00c5NDLAGEDE BILDERAMMER AV GAMMELT TREVERK FRA DEN NORSKE FJELLHEIMEN, OG MER!\",\"publisher\":{\"@id\":\"https:\\\/\\\/fjellheimengalleri.no\\\/no\\\/#organization\"},\"potentialAction\":[{\"@type\":\"SearchAction\",\"target\":{\"@type\":\"EntryPoint\",\"urlTemplate\":\"https:\\\/\\\/fjellheimengalleri.no\\\/no\\\/?s={search_term_string}\"},\"query-input\":{\"@type\":\"PropertyValueSpecification\",\"valueRequired\":true,\"valueName\":\"search_term_string\"}}],\"inLanguage\":\"nb-NO\"},{\"@type\":\"Organization\",\"@id\":\"https:\\\/\\\/fjellheimengalleri.no\\\/no\\\/#organization\",\"name\":\"Fjellheimen Galleri\",\"url\":\"https:\\\/\\\/fjellheimengalleri.no\\\/no\\\/\",\"logo\":{\"@type\":\"ImageObject\",\"inLanguage\":\"nb-NO\",\"@id\":\"https:\\\/\\\/fjellheimengalleri.no\\\/no\\\/#\\\/schema\\\/logo\\\/image\\\/\",\"url\":\"https:\\\/\\\/fjellheimengalleri.no\\\/wp-content\\\/uploads\\\/2026\\\/02\\\/cropped-Logo_Bla_fjellheimen_galleri-1.png\",\"contentUrl\":\"https:\\\/\\\/fjellheimengalleri.no\\\/wp-content\\\/uploads\\\/2026\\\/02\\\/cropped-Logo_Bla_fjellheimen_galleri-1.png\",\"width\":769,\"height\":473,\"caption\":\"Fjellheimen Galleri\"},\"image\":{\"@id\":\"https:\\\/\\\/fjellheimengalleri.no\\\/no\\\/#\\\/schema\\\/logo\\\/image\\\/\"}}]}<\/script>\n<!-- \/ Yoast SEO plugin. -->","yoast_head_json":{"title":"Connectedness | Frame size: 23cm x 33cm - Fjellheimen Galleri","robots":{"index":"index","follow":"follow","max-snippet":"max-snippet:-1","max-image-preview":"max-image-preview:large","max-video-preview":"max-video-preview:-1"},"canonical":"https:\/\/fjellheimengalleri.no\/no\/produkt\/connectedness_23cmx33cm\/","og_locale":"nb_NO","og_type":"article","og_title":"Connectedness | Frame size: 23cm x 33cm - Fjellheimen Galleri","og_description":"Foto: Orsolya Haarberg Motiv: r\u00f8dnebbterner Sted: Island \u00c5r: 2008  Fine art print:   Oppag p\u00e5 30  Papir: Fabriano Printmaking Rag 310gsm (matt fine art papir)  Print st\u00f8rrelse: 20cm x 30cm  Papir st\u00f8rrelse: 20cm x 30cm  Montering: 5mm tykk skumplate  Ramme st\u00f8rrelse: 23cm x 33cm  Ramme: Holm\u00f8 #37 av Orsolya Haarberg. Unik bilderamme som er laget av naturlig solsvidd trevirke hentet fra gamle uthus i V\u00e5g\u00e5.  Bildene er nummerert, signert og levert med ektehetsbevis.  &nbsp;  Fotografiet er tilgjengelig i standard treramme. F\u00f8lg lenken under for bestilling:   50cm x 75cm fine art print i hvit treramme","og_url":"https:\/\/fjellheimengalleri.no\/no\/produkt\/connectedness_23cmx33cm\/","og_site_name":"Fjellheimen Galleri","article_modified_time":"2024-05-15T07:43:24+00:00","og_image":[{"width":1600,"height":1110,"url":"https:\/\/fjellheimengalleri.no\/wp-content\/uploads\/2021\/12\/FH37_330x229_291x190_2-30.jpg","type":"image\/jpeg"}],"twitter_card":"summary_large_image","twitter_misc":{"Ansl. lesetid":"1 minutt"},"schema":{"@context":"https:\/\/schema.org","@graph":[{"@type":"WebPage","@id":"https:\/\/fjellheimengalleri.no\/no\/produkt\/connectedness_23cmx33cm\/","url":"https:\/\/fjellheimengalleri.no\/no\/produkt\/connectedness_23cmx33cm\/","name":"Connectedness | Frame size: 23cm x 33cm - Fjellheimen Galleri","isPartOf":{"@id":"https:\/\/fjellheimengalleri.no\/no\/#website"},"primaryImageOfPage":{"@id":"https:\/\/fjellheimengalleri.no\/no\/produkt\/connectedness_23cmx33cm\/#primaryimage"},"image":{"@id":"https:\/\/fjellheimengalleri.no\/no\/produkt\/connectedness_23cmx33cm\/#primaryimage"},"thumbnailUrl":"https:\/\/fjellheimengalleri.no\/wp-content\/uploads\/2021\/12\/FH37_330x229_291x190_2-30.jpg","datePublished":"2023-03-19T08:59:12+00:00","dateModified":"2024-05-15T07:43:24+00:00","breadcrumb":{"@id":"https:\/\/fjellheimengalleri.no\/no\/produkt\/connectedness_23cmx33cm\/#breadcrumb"},"inLanguage":"nb-NO","potentialAction":[{"@type":"ReadAction","target":["https:\/\/fjellheimengalleri.no\/no\/produkt\/connectedness_23cmx33cm\/"]}]},{"@type":"ImageObject","inLanguage":"nb-NO","@id":"https:\/\/fjellheimengalleri.no\/no\/produkt\/connectedness_23cmx33cm\/#primaryimage","url":"https:\/\/fjellheimengalleri.no\/wp-content\/uploads\/2021\/12\/FH37_330x229_291x190_2-30.jpg","contentUrl":"https:\/\/fjellheimengalleri.no\/wp-content\/uploads\/2021\/12\/FH37_330x229_291x190_2-30.jpg","width":1600,"height":1110},{"@type":"BreadcrumbList","@id":"https:\/\/fjellheimengalleri.no\/no\/produkt\/connectedness_23cmx33cm\/#breadcrumb","itemListElement":[{"@type":"ListItem","position":1,"name":"Home","item":"https:\/\/fjellheimengalleri.no\/no\/"},{"@type":"ListItem","position":2,"name":"Velkommen til Fjellheimen galleri!","item":"https:\/\/fjellheimengalleri.no\/no\/shop\/"},{"@type":"ListItem","position":3,"name":"Connectedness | Frame size: 23cm x 33cm"}]},{"@type":"WebSite","@id":"https:\/\/fjellheimengalleri.no\/no\/#website","url":"https:\/\/fjellheimengalleri.no\/no\/","name":"Fjellheimen Galleri","description":"PRISBEL\u00d8NTE FOTOGRAFIER OG H\u00c5NDLAGEDE BILDERAMMER AV GAMMELT TREVERK FRA DEN NORSKE FJELLHEIMEN, OG MER!","publisher":{"@id":"https:\/\/fjellheimengalleri.no\/no\/#organization"},"potentialAction":[{"@type":"SearchAction","target":{"@type":"EntryPoint","urlTemplate":"https:\/\/fjellheimengalleri.no\/no\/?s={search_term_string}"},"query-input":{"@type":"PropertyValueSpecification","valueRequired":true,"valueName":"search_term_string"}}],"inLanguage":"nb-NO"},{"@type":"Organization","@id":"https:\/\/fjellheimengalleri.no\/no\/#organization","name":"Fjellheimen Galleri","url":"https:\/\/fjellheimengalleri.no\/no\/","logo":{"@type":"ImageObject","inLanguage":"nb-NO","@id":"https:\/\/fjellheimengalleri.no\/no\/#\/schema\/logo\/image\/","url":"https:\/\/fjellheimengalleri.no\/wp-content\/uploads\/2026\/02\/cropped-Logo_Bla_fjellheimen_galleri-1.png","contentUrl":"https:\/\/fjellheimengalleri.no\/wp-content\/uploads\/2026\/02\/cropped-Logo_Bla_fjellheimen_galleri-1.png","width":769,"height":473,"caption":"Fjellheimen Galleri"},"image":{"@id":"https:\/\/fjellheimengalleri.no\/no\/#\/schema\/logo\/image\/"}}]}},"_links":{"self":[{"href":"https:\/\/fjellheimengalleri.no\/no\/wp-json\/wp\/v2\/product\/17235","targetHints":{"allow":["GET"]}}],"collection":[{"href":"https:\/\/fjellheimengalleri.no\/no\/wp-json\/wp\/v2\/product"}],"about":[{"href":"https:\/\/fjellheimengalleri.no\/no\/wp-json\/wp\/v2\/types\/product"}],"wp:featuredmedia":[{"embeddable":true,"href":"https:\/\/fjellheimengalleri.no\/no\/wp-json\/wp\/v2\/media\/18342"}],"wp:attachment":[{"href":"https:\/\/fjellheimengalleri.no\/no\/wp-json\/wp\/v2\/media?parent=17235"}],"wp:term":[{"taxonomy":"product_brand","embeddable":true,"href":"https:\/\/fjellheimengalleri.no\/no\/wp-json\/wp\/v2\/product_brand?post=17235"},{"taxonomy":"product_cat","embeddable":true,"href":"https:\/\/fjellheimengalleri.no\/no\/wp-json\/wp\/v2\/product_cat?post=17235"},{"taxonomy":"product_tag","embeddable":true,"href":"https:\/\/fjellheimengalleri.no\/no\/wp-json\/wp\/v2\/product_tag?post=17235"},{"taxonomy":"product-subject","embeddable":true,"href":"https:\/\/fjellheimengalleri.no\/no\/wp-json\/wp\/v2\/product-subject?post=17235"},{"taxonomy":"product-season","embeddable":true,"href":"https:\/\/fjellheimengalleri.no\/no\/wp-json\/wp\/v2\/product-season?post=17235"},{"taxonomy":"product-exhibition","embeddable":true,"href":"https:\/\/fjellheimengalleri.no\/no\/wp-json\/wp\/v2\/product-exhibition?post=17235"},{"taxonomy":"product-theme","embeddable":true,"href":"https:\/\/fjellheimengalleri.no\/no\/wp-json\/wp\/v2\/product-theme?post=17235"},{"taxonomy":"product-colour","embeddable":true,"href":"https:\/\/fjellheimengalleri.no\/no\/wp-json\/wp\/v2\/product-colour?post=17235"},{"taxonomy":"product-land","embeddable":true,"href":"https:\/\/fjellheimengalleri.no\/no\/wp-json\/wp\/v2\/product-land?post=17235"},{"taxonomy":"product-print-size","embeddable":true,"href":"https:\/\/fjellheimengalleri.no\/no\/wp-json\/wp\/v2\/product-print-size?post=17235"}],"curies":[{"name":"wp","href":"https:\/\/api.w.org\/{rel}","templated":true}]}}