{"id":17488,"date":"2023-06-16T06:47:03","date_gmt":"2023-06-16T07:15:07","guid":{"rendered":"https:\/\/fjellheimengalleri.no\/product\/rein-krone\/"},"modified":"2023-10-23T06:31:04","modified_gmt":"2023-10-23T06:31:04","slug":"rein-crown","status":"publish","type":"product","link":"https:\/\/fjellheimengalleri.no\/no\/produkt\/rein-crown\/","title":{"rendered":"REiN Krone"},"content":{"rendered":"","protected":false},"excerpt":{"rendered":"<p>Reingevirene er organisk sammenf\u00f8yd i en krone gir en i\u00f8ynefallende eleganse skapt ned naturens egen estetikk.<\/p>\n<p>REiN Krone er rundt 110 cm i diameter.<\/p>\n<p><strong>Produktet lages p\u00e5 bestilling.<\/strong> Ved bestilling faktureres 20% av total bel\u00f8pet. Resterende faktureres ved levering av ferdig produkt.<\/p>\n<p>Kontakt meg p\u00e5 post@fjellheimengalleri.no for mer n\u00f8yaktig leveringstid. Takk!<\/p>\n","protected":false},"featured_media":0,"template":"","meta":[],"product_brand":[],"product_cat":[333],"product_tag":[],"product-subject":[],"product-season":[],"product-exhibition":[],"product-theme":[],"product-colour":[],"product-land":[],"product-print-size":[],"class_list":{"0":"post-17488","1":"product","2":"type-product","3":"status-publish","5":"product_cat-rein-no","6":"sales-flash-overlay","7":"woocommerce-text-align-center","8":"woocommerce-image-align-center","9":"do-quantity-buttons","11":"first","12":"outofstock","13":"sold-individually","14":"shipping-taxable","15":"purchasable","16":"product-type-simple"},"yoast_head":"<!-- This site is optimized with the Yoast SEO plugin v27.5 - https:\/\/yoast.com\/product\/yoast-seo-wordpress\/ -->\n<title>REiN Krone - Fjellheimen Galleri<\/title>\n<meta name=\"robots\" content=\"index, follow, max-snippet:-1, max-image-preview:large, max-video-preview:-1\" \/>\n<link rel=\"canonical\" href=\"https:\/\/fjellheimengalleri.no\/no\/produkt\/rein-crown\/\" \/>\n<meta property=\"og:locale\" content=\"nb_NO\" \/>\n<meta property=\"og:type\" content=\"article\" \/>\n<meta property=\"og:title\" content=\"REiN Krone - Fjellheimen Galleri\" \/>\n<meta property=\"og:description\" content=\"Reingevirene er organisk sammenf\u00f8yd i en krone gir en i\u00f8ynefallende eleganse skapt ned naturens egen estetikk. REiN Krone er rundt 110 cm i diameter. Produktet lages p\u00e5 bestilling. Ved bestilling faktureres 20% av total bel\u00f8pet. Resterende faktureres ved levering av ferdig produkt. Kontakt meg p\u00e5 post@fjellheimengalleri.no for mer n\u00f8yaktig leveringstid. Takk!\" \/>\n<meta property=\"og:url\" content=\"https:\/\/fjellheimengalleri.no\/no\/produkt\/rein-crown\/\" \/>\n<meta property=\"og:site_name\" content=\"Fjellheimen Galleri\" \/>\n<meta property=\"article:modified_time\" content=\"2023-10-23T06:31:04+00:00\" \/>\n<meta property=\"og:image\" content=\"https:\/\/fjellheimengalleri.no\/wp-content\/uploads\/2023\/06\/REiN-Crown-1_3.jpg\" \/>\n\t<meta property=\"og:image:width\" content=\"1500\" \/>\n\t<meta property=\"og:image:height\" content=\"1000\" \/>\n\t<meta property=\"og:image:type\" content=\"image\/jpeg\" \/>\n<meta name=\"twitter:card\" content=\"summary_large_image\" \/>\n<script type=\"application\/ld+json\" class=\"yoast-schema-graph\">{\"@context\":\"https:\\\/\\\/schema.org\",\"@graph\":[{\"@type\":\"WebPage\",\"@id\":\"https:\\\/\\\/fjellheimengalleri.no\\\/no\\\/produkt\\\/rein-crown\\\/\",\"url\":\"https:\\\/\\\/fjellheimengalleri.no\\\/no\\\/produkt\\\/rein-crown\\\/\",\"name\":\"REiN Krone - Fjellheimen Galleri\",\"isPartOf\":{\"@id\":\"https:\\\/\\\/fjellheimengalleri.no\\\/no\\\/#website\"},\"datePublished\":\"2023-06-16T07:15:07+00:00\",\"dateModified\":\"2023-10-23T06:31:04+00:00\",\"breadcrumb\":{\"@id\":\"https:\\\/\\\/fjellheimengalleri.no\\\/no\\\/produkt\\\/rein-crown\\\/#breadcrumb\"},\"inLanguage\":\"nb-NO\",\"potentialAction\":[{\"@type\":\"ReadAction\",\"target\":[\"https:\\\/\\\/fjellheimengalleri.no\\\/no\\\/produkt\\\/rein-crown\\\/\"]}]},{\"@type\":\"BreadcrumbList\",\"@id\":\"https:\\\/\\\/fjellheimengalleri.no\\\/no\\\/produkt\\\/rein-crown\\\/#breadcrumb\",\"itemListElement\":[{\"@type\":\"ListItem\",\"position\":1,\"name\":\"Home\",\"item\":\"https:\\\/\\\/fjellheimengalleri.no\\\/no\\\/\"},{\"@type\":\"ListItem\",\"position\":2,\"name\":\"Velkommen til Fjellheimen galleri!\",\"item\":\"https:\\\/\\\/fjellheimengalleri.no\\\/no\\\/shop\\\/\"},{\"@type\":\"ListItem\",\"position\":3,\"name\":\"REiN Krone\"}]},{\"@type\":\"WebSite\",\"@id\":\"https:\\\/\\\/fjellheimengalleri.no\\\/no\\\/#website\",\"url\":\"https:\\\/\\\/fjellheimengalleri.no\\\/no\\\/\",\"name\":\"Fjellheimen Galleri\",\"description\":\"PRISBEL\u00d8NTE FOTOGRAFIER OG H\u00c5NDLAGEDE BILDERAMMER AV GAMMELT TREVERK FRA DEN NORSKE FJELLHEIMEN, OG MER!\",\"publisher\":{\"@id\":\"https:\\\/\\\/fjellheimengalleri.no\\\/no\\\/#organization\"},\"potentialAction\":[{\"@type\":\"SearchAction\",\"target\":{\"@type\":\"EntryPoint\",\"urlTemplate\":\"https:\\\/\\\/fjellheimengalleri.no\\\/no\\\/?s={search_term_string}\"},\"query-input\":{\"@type\":\"PropertyValueSpecification\",\"valueRequired\":true,\"valueName\":\"search_term_string\"}}],\"inLanguage\":\"nb-NO\"},{\"@type\":\"Organization\",\"@id\":\"https:\\\/\\\/fjellheimengalleri.no\\\/no\\\/#organization\",\"name\":\"Fjellheimen Galleri\",\"url\":\"https:\\\/\\\/fjellheimengalleri.no\\\/no\\\/\",\"logo\":{\"@type\":\"ImageObject\",\"inLanguage\":\"nb-NO\",\"@id\":\"https:\\\/\\\/fjellheimengalleri.no\\\/no\\\/#\\\/schema\\\/logo\\\/image\\\/\",\"url\":\"https:\\\/\\\/fjellheimengalleri.no\\\/wp-content\\\/uploads\\\/2026\\\/02\\\/cropped-Logo_Bla_fjellheimen_galleri-1.png\",\"contentUrl\":\"https:\\\/\\\/fjellheimengalleri.no\\\/wp-content\\\/uploads\\\/2026\\\/02\\\/cropped-Logo_Bla_fjellheimen_galleri-1.png\",\"width\":769,\"height\":473,\"caption\":\"Fjellheimen Galleri\"},\"image\":{\"@id\":\"https:\\\/\\\/fjellheimengalleri.no\\\/no\\\/#\\\/schema\\\/logo\\\/image\\\/\"}}]}<\/script>\n<!-- \/ Yoast SEO plugin. -->","yoast_head_json":{"title":"REiN Krone - Fjellheimen Galleri","robots":{"index":"index","follow":"follow","max-snippet":"max-snippet:-1","max-image-preview":"max-image-preview:large","max-video-preview":"max-video-preview:-1"},"canonical":"https:\/\/fjellheimengalleri.no\/no\/produkt\/rein-crown\/","og_locale":"nb_NO","og_type":"article","og_title":"REiN Krone - Fjellheimen Galleri","og_description":"Reingevirene er organisk sammenf\u00f8yd i en krone gir en i\u00f8ynefallende eleganse skapt ned naturens egen estetikk. REiN Krone er rundt 110 cm i diameter. Produktet lages p\u00e5 bestilling. Ved bestilling faktureres 20% av total bel\u00f8pet. Resterende faktureres ved levering av ferdig produkt. Kontakt meg p\u00e5 post@fjellheimengalleri.no for mer n\u00f8yaktig leveringstid. Takk!","og_url":"https:\/\/fjellheimengalleri.no\/no\/produkt\/rein-crown\/","og_site_name":"Fjellheimen Galleri","article_modified_time":"2023-10-23T06:31:04+00:00","og_image":[{"width":1500,"height":1000,"url":"https:\/\/fjellheimengalleri.no\/wp-content\/uploads\/2023\/06\/REiN-Crown-1_3.jpg","type":"image\/jpeg"}],"twitter_card":"summary_large_image","schema":{"@context":"https:\/\/schema.org","@graph":[{"@type":"WebPage","@id":"https:\/\/fjellheimengalleri.no\/no\/produkt\/rein-crown\/","url":"https:\/\/fjellheimengalleri.no\/no\/produkt\/rein-crown\/","name":"REiN Krone - Fjellheimen Galleri","isPartOf":{"@id":"https:\/\/fjellheimengalleri.no\/no\/#website"},"datePublished":"2023-06-16T07:15:07+00:00","dateModified":"2023-10-23T06:31:04+00:00","breadcrumb":{"@id":"https:\/\/fjellheimengalleri.no\/no\/produkt\/rein-crown\/#breadcrumb"},"inLanguage":"nb-NO","potentialAction":[{"@type":"ReadAction","target":["https:\/\/fjellheimengalleri.no\/no\/produkt\/rein-crown\/"]}]},{"@type":"BreadcrumbList","@id":"https:\/\/fjellheimengalleri.no\/no\/produkt\/rein-crown\/#breadcrumb","itemListElement":[{"@type":"ListItem","position":1,"name":"Home","item":"https:\/\/fjellheimengalleri.no\/no\/"},{"@type":"ListItem","position":2,"name":"Velkommen til Fjellheimen galleri!","item":"https:\/\/fjellheimengalleri.no\/no\/shop\/"},{"@type":"ListItem","position":3,"name":"REiN Krone"}]},{"@type":"WebSite","@id":"https:\/\/fjellheimengalleri.no\/no\/#website","url":"https:\/\/fjellheimengalleri.no\/no\/","name":"Fjellheimen Galleri","description":"PRISBEL\u00d8NTE FOTOGRAFIER OG H\u00c5NDLAGEDE BILDERAMMER AV GAMMELT TREVERK FRA DEN NORSKE FJELLHEIMEN, OG MER!","publisher":{"@id":"https:\/\/fjellheimengalleri.no\/no\/#organization"},"potentialAction":[{"@type":"SearchAction","target":{"@type":"EntryPoint","urlTemplate":"https:\/\/fjellheimengalleri.no\/no\/?s={search_term_string}"},"query-input":{"@type":"PropertyValueSpecification","valueRequired":true,"valueName":"search_term_string"}}],"inLanguage":"nb-NO"},{"@type":"Organization","@id":"https:\/\/fjellheimengalleri.no\/no\/#organization","name":"Fjellheimen Galleri","url":"https:\/\/fjellheimengalleri.no\/no\/","logo":{"@type":"ImageObject","inLanguage":"nb-NO","@id":"https:\/\/fjellheimengalleri.no\/no\/#\/schema\/logo\/image\/","url":"https:\/\/fjellheimengalleri.no\/wp-content\/uploads\/2026\/02\/cropped-Logo_Bla_fjellheimen_galleri-1.png","contentUrl":"https:\/\/fjellheimengalleri.no\/wp-content\/uploads\/2026\/02\/cropped-Logo_Bla_fjellheimen_galleri-1.png","width":769,"height":473,"caption":"Fjellheimen Galleri"},"image":{"@id":"https:\/\/fjellheimengalleri.no\/no\/#\/schema\/logo\/image\/"}}]}},"_links":{"self":[{"href":"https:\/\/fjellheimengalleri.no\/no\/wp-json\/wp\/v2\/product\/17488","targetHints":{"allow":["GET"]}}],"collection":[{"href":"https:\/\/fjellheimengalleri.no\/no\/wp-json\/wp\/v2\/product"}],"about":[{"href":"https:\/\/fjellheimengalleri.no\/no\/wp-json\/wp\/v2\/types\/product"}],"wp:attachment":[{"href":"https:\/\/fjellheimengalleri.no\/no\/wp-json\/wp\/v2\/media?parent=17488"}],"wp:term":[{"taxonomy":"product_brand","embeddable":true,"href":"https:\/\/fjellheimengalleri.no\/no\/wp-json\/wp\/v2\/product_brand?post=17488"},{"taxonomy":"product_cat","embeddable":true,"href":"https:\/\/fjellheimengalleri.no\/no\/wp-json\/wp\/v2\/product_cat?post=17488"},{"taxonomy":"product_tag","embeddable":true,"href":"https:\/\/fjellheimengalleri.no\/no\/wp-json\/wp\/v2\/product_tag?post=17488"},{"taxonomy":"product-subject","embeddable":true,"href":"https:\/\/fjellheimengalleri.no\/no\/wp-json\/wp\/v2\/product-subject?post=17488"},{"taxonomy":"product-season","embeddable":true,"href":"https:\/\/fjellheimengalleri.no\/no\/wp-json\/wp\/v2\/product-season?post=17488"},{"taxonomy":"product-exhibition","embeddable":true,"href":"https:\/\/fjellheimengalleri.no\/no\/wp-json\/wp\/v2\/product-exhibition?post=17488"},{"taxonomy":"product-theme","embeddable":true,"href":"https:\/\/fjellheimengalleri.no\/no\/wp-json\/wp\/v2\/product-theme?post=17488"},{"taxonomy":"product-colour","embeddable":true,"href":"https:\/\/fjellheimengalleri.no\/no\/wp-json\/wp\/v2\/product-colour?post=17488"},{"taxonomy":"product-land","embeddable":true,"href":"https:\/\/fjellheimengalleri.no\/no\/wp-json\/wp\/v2\/product-land?post=17488"},{"taxonomy":"product-print-size","embeddable":true,"href":"https:\/\/fjellheimengalleri.no\/no\/wp-json\/wp\/v2\/product-print-size?post=17488"}],"curies":[{"name":"wp","href":"https:\/\/api.w.org\/{rel}","templated":true}]}}