{"id":18774,"date":"2020-06-09T22:07:09","date_gmt":"2020-06-09T22:07:09","guid":{"rendered":"https:\/\/fjellheimengalleri.no\/product\/rockslide-in-mist\/"},"modified":"2026-01-06T21:13:22","modified_gmt":"2026-01-06T21:13:22","slug":"rockslide-in-mist","status":"publish","type":"product","link":"https:\/\/fjellheimengalleri.no\/no\/produkt\/rockslide-in-mist\/","title":{"rendered":"Rockslide in mist"},"content":{"rendered":"","protected":false},"excerpt":{"rendered":"<p>Foto: Orsolya Haarberg<br \/>\nSted: Gudbrandsdalen, Norway<br \/>\n\u00c5r: 2019<\/p>\n<p>Tilgjengelig p\u00e5 Fabriano Printmaking Rag fine art papir (matt overflate) i f\u00f8lgende st\u00f8rrelser:<\/p>\n<ul>\n<li>34.5 cm x 60 cm print p\u00e5 44.5 cm x 70 cm papir | Opplag p\u00e5 15<\/li>\n<li>51.7 cm x 90 cm trykk p\u00e5 61.7 cm x 100 cm papir | Opplag p\u00e5 7<\/li>\n<\/ul>\n<p>Bestillingsalternativer:<\/p>\n<ul>\n<li>print uten montering og innramming<\/li>\n<li>print montert p\u00e5 5 mm tykk skumplate, og innrammet i 2 cm brei, matt hvit treramme eller unik ramme av gammelt, resirkulert trevirke fra V\u00e5g\u00e5 (bilde nr. 2. i produkt galleriet)<\/li>\n<\/ul>\n<p>Printene er nummerert og signert.<\/p>\n<p>Priser er inkl. kunstavgift til Bildende Kunstneres Hjelpefond.<\/p>\n","protected":false},"featured_media":13807,"template":"","meta":[],"product_brand":[],"product_cat":[354],"product_tag":[],"product-subject":[258],"product-season":[194],"product-exhibition":[],"product-theme":[291],"product-colour":[261],"product-land":[329],"product-print-size":[],"class_list":{"0":"post-18774","1":"product","2":"type-product","3":"status-publish","4":"has-post-thumbnail","6":"product_cat-skog","7":"product_shipping_class-75x105x15","8":"product-subject-skog","9":"product-season-host","10":"product-theme-gudbrandsdalen-no","11":"product-colour-gra","12":"product-land-norge","13":"sales-flash-overlay","14":"woocommerce-text-align-center","15":"woocommerce-image-align-center","16":"do-quantity-buttons","17":"wc-has-gallery","19":"first","20":"instock","21":"shipping-taxable","22":"purchasable","23":"product-type-variable"},"yoast_head":"<!-- This site is optimized with the Yoast SEO plugin v27.5 - https:\/\/yoast.com\/product\/yoast-seo-wordpress\/ -->\n<title>Rockslide in mist - Fjellheimen Galleri<\/title>\n<meta name=\"description\" content=\"Fine art print i begrenset opplag\" \/>\n<meta name=\"robots\" content=\"index, follow, max-snippet:-1, max-image-preview:large, max-video-preview:-1\" \/>\n<link rel=\"canonical\" href=\"https:\/\/fjellheimengalleri.no\/no\/produkt\/rockslide-in-mist\/\" \/>\n<meta property=\"og:locale\" content=\"nb_NO\" \/>\n<meta property=\"og:type\" content=\"article\" \/>\n<meta property=\"og:title\" content=\"Rockslide in mist\" \/>\n<meta property=\"og:description\" content=\"Fine art print i begrenset opplag\" \/>\n<meta property=\"og:url\" content=\"https:\/\/fjellheimengalleri.no\/no\/produkt\/rockslide-in-mist\/\" \/>\n<meta property=\"og:site_name\" content=\"Fjellheimen Galleri\" \/>\n<meta property=\"article:modified_time\" content=\"2026-01-06T21:13:22+00:00\" \/>\n<meta property=\"og:image\" content=\"https:\/\/fjellheimengalleri.no\/wp-content\/uploads\/2020\/06\/Rockslide-in-mist-1-700x402.jpg\" \/>\n<meta name=\"twitter:card\" content=\"summary_large_image\" \/>\n<meta name=\"twitter:label1\" content=\"Ansl. lesetid\" \/>\n\t<meta name=\"twitter:data1\" content=\"1 minutt\" \/>\n<script type=\"application\/ld+json\" class=\"yoast-schema-graph\">{\"@context\":\"https:\\\/\\\/schema.org\",\"@graph\":[{\"@type\":\"WebPage\",\"@id\":\"https:\\\/\\\/fjellheimengalleri.no\\\/no\\\/produkt\\\/rockslide-in-mist\\\/\",\"url\":\"https:\\\/\\\/fjellheimengalleri.no\\\/no\\\/produkt\\\/rockslide-in-mist\\\/\",\"name\":\"Rockslide in mist - Fjellheimen Galleri\",\"isPartOf\":{\"@id\":\"https:\\\/\\\/fjellheimengalleri.no\\\/no\\\/#website\"},\"primaryImageOfPage\":{\"@id\":\"https:\\\/\\\/fjellheimengalleri.no\\\/no\\\/produkt\\\/rockslide-in-mist\\\/#primaryimage\"},\"image\":{\"@id\":\"https:\\\/\\\/fjellheimengalleri.no\\\/no\\\/produkt\\\/rockslide-in-mist\\\/#primaryimage\"},\"thumbnailUrl\":\"https:\\\/\\\/fjellheimengalleri.no\\\/wp-content\\\/uploads\\\/2020\\\/06\\\/Gudbrandsdalen_1230_OHA-2019-09-28-111857-1.jpg\",\"datePublished\":\"2020-06-09T22:07:09+00:00\",\"dateModified\":\"2026-01-06T21:13:22+00:00\",\"description\":\"Fine art print i begrenset opplag\",\"breadcrumb\":{\"@id\":\"https:\\\/\\\/fjellheimengalleri.no\\\/no\\\/produkt\\\/rockslide-in-mist\\\/#breadcrumb\"},\"inLanguage\":\"nb-NO\",\"potentialAction\":[{\"@type\":\"ReadAction\",\"target\":[\"https:\\\/\\\/fjellheimengalleri.no\\\/no\\\/produkt\\\/rockslide-in-mist\\\/\"]}]},{\"@type\":\"ImageObject\",\"inLanguage\":\"nb-NO\",\"@id\":\"https:\\\/\\\/fjellheimengalleri.no\\\/no\\\/produkt\\\/rockslide-in-mist\\\/#primaryimage\",\"url\":\"https:\\\/\\\/fjellheimengalleri.no\\\/wp-content\\\/uploads\\\/2020\\\/06\\\/Gudbrandsdalen_1230_OHA-2019-09-28-111857-1.jpg\",\"contentUrl\":\"https:\\\/\\\/fjellheimengalleri.no\\\/wp-content\\\/uploads\\\/2020\\\/06\\\/Gudbrandsdalen_1230_OHA-2019-09-28-111857-1.jpg\",\"width\":1080,\"height\":620,\"caption\":\"Rockslide in mist\"},{\"@type\":\"BreadcrumbList\",\"@id\":\"https:\\\/\\\/fjellheimengalleri.no\\\/no\\\/produkt\\\/rockslide-in-mist\\\/#breadcrumb\",\"itemListElement\":[{\"@type\":\"ListItem\",\"position\":1,\"name\":\"Home\",\"item\":\"https:\\\/\\\/fjellheimengalleri.no\\\/no\\\/\"},{\"@type\":\"ListItem\",\"position\":2,\"name\":\"Velkommen til Fjellheimen galleri!\",\"item\":\"https:\\\/\\\/fjellheimengalleri.no\\\/no\\\/shop\\\/\"},{\"@type\":\"ListItem\",\"position\":3,\"name\":\"Rockslide in mist\"}]},{\"@type\":\"WebSite\",\"@id\":\"https:\\\/\\\/fjellheimengalleri.no\\\/no\\\/#website\",\"url\":\"https:\\\/\\\/fjellheimengalleri.no\\\/no\\\/\",\"name\":\"Fjellheimen Galleri\",\"description\":\"PRISBEL\u00d8NTE FOTOGRAFIER OG H\u00c5NDLAGEDE BILDERAMMER AV GAMMELT TREVERK FRA DEN NORSKE FJELLHEIMEN, OG MER!\",\"publisher\":{\"@id\":\"https:\\\/\\\/fjellheimengalleri.no\\\/no\\\/#organization\"},\"potentialAction\":[{\"@type\":\"SearchAction\",\"target\":{\"@type\":\"EntryPoint\",\"urlTemplate\":\"https:\\\/\\\/fjellheimengalleri.no\\\/no\\\/?s={search_term_string}\"},\"query-input\":{\"@type\":\"PropertyValueSpecification\",\"valueRequired\":true,\"valueName\":\"search_term_string\"}}],\"inLanguage\":\"nb-NO\"},{\"@type\":\"Organization\",\"@id\":\"https:\\\/\\\/fjellheimengalleri.no\\\/no\\\/#organization\",\"name\":\"Fjellheimen Galleri\",\"url\":\"https:\\\/\\\/fjellheimengalleri.no\\\/no\\\/\",\"logo\":{\"@type\":\"ImageObject\",\"inLanguage\":\"nb-NO\",\"@id\":\"https:\\\/\\\/fjellheimengalleri.no\\\/no\\\/#\\\/schema\\\/logo\\\/image\\\/\",\"url\":\"https:\\\/\\\/fjellheimengalleri.no\\\/wp-content\\\/uploads\\\/2026\\\/02\\\/cropped-Logo_Bla_fjellheimen_galleri-1.png\",\"contentUrl\":\"https:\\\/\\\/fjellheimengalleri.no\\\/wp-content\\\/uploads\\\/2026\\\/02\\\/cropped-Logo_Bla_fjellheimen_galleri-1.png\",\"width\":769,\"height\":473,\"caption\":\"Fjellheimen Galleri\"},\"image\":{\"@id\":\"https:\\\/\\\/fjellheimengalleri.no\\\/no\\\/#\\\/schema\\\/logo\\\/image\\\/\"}}]}<\/script>\n<!-- \/ Yoast SEO plugin. -->","yoast_head_json":{"title":"Rockslide in mist - Fjellheimen Galleri","description":"Fine art print i begrenset opplag","robots":{"index":"index","follow":"follow","max-snippet":"max-snippet:-1","max-image-preview":"max-image-preview:large","max-video-preview":"max-video-preview:-1"},"canonical":"https:\/\/fjellheimengalleri.no\/no\/produkt\/rockslide-in-mist\/","og_locale":"nb_NO","og_type":"article","og_title":"Rockslide in mist","og_description":"Fine art print i begrenset opplag","og_url":"https:\/\/fjellheimengalleri.no\/no\/produkt\/rockslide-in-mist\/","og_site_name":"Fjellheimen Galleri","article_modified_time":"2026-01-06T21:13:22+00:00","og_image":[{"url":"https:\/\/fjellheimengalleri.no\/wp-content\/uploads\/2020\/06\/Rockslide-in-mist-1-700x402.jpg","type":"","width":"","height":""}],"twitter_card":"summary_large_image","twitter_misc":{"Ansl. lesetid":"1 minutt"},"schema":{"@context":"https:\/\/schema.org","@graph":[{"@type":"WebPage","@id":"https:\/\/fjellheimengalleri.no\/no\/produkt\/rockslide-in-mist\/","url":"https:\/\/fjellheimengalleri.no\/no\/produkt\/rockslide-in-mist\/","name":"Rockslide in mist - Fjellheimen Galleri","isPartOf":{"@id":"https:\/\/fjellheimengalleri.no\/no\/#website"},"primaryImageOfPage":{"@id":"https:\/\/fjellheimengalleri.no\/no\/produkt\/rockslide-in-mist\/#primaryimage"},"image":{"@id":"https:\/\/fjellheimengalleri.no\/no\/produkt\/rockslide-in-mist\/#primaryimage"},"thumbnailUrl":"https:\/\/fjellheimengalleri.no\/wp-content\/uploads\/2020\/06\/Gudbrandsdalen_1230_OHA-2019-09-28-111857-1.jpg","datePublished":"2020-06-09T22:07:09+00:00","dateModified":"2026-01-06T21:13:22+00:00","description":"Fine art print i begrenset opplag","breadcrumb":{"@id":"https:\/\/fjellheimengalleri.no\/no\/produkt\/rockslide-in-mist\/#breadcrumb"},"inLanguage":"nb-NO","potentialAction":[{"@type":"ReadAction","target":["https:\/\/fjellheimengalleri.no\/no\/produkt\/rockslide-in-mist\/"]}]},{"@type":"ImageObject","inLanguage":"nb-NO","@id":"https:\/\/fjellheimengalleri.no\/no\/produkt\/rockslide-in-mist\/#primaryimage","url":"https:\/\/fjellheimengalleri.no\/wp-content\/uploads\/2020\/06\/Gudbrandsdalen_1230_OHA-2019-09-28-111857-1.jpg","contentUrl":"https:\/\/fjellheimengalleri.no\/wp-content\/uploads\/2020\/06\/Gudbrandsdalen_1230_OHA-2019-09-28-111857-1.jpg","width":1080,"height":620,"caption":"Rockslide in mist"},{"@type":"BreadcrumbList","@id":"https:\/\/fjellheimengalleri.no\/no\/produkt\/rockslide-in-mist\/#breadcrumb","itemListElement":[{"@type":"ListItem","position":1,"name":"Home","item":"https:\/\/fjellheimengalleri.no\/no\/"},{"@type":"ListItem","position":2,"name":"Velkommen til Fjellheimen galleri!","item":"https:\/\/fjellheimengalleri.no\/no\/shop\/"},{"@type":"ListItem","position":3,"name":"Rockslide in mist"}]},{"@type":"WebSite","@id":"https:\/\/fjellheimengalleri.no\/no\/#website","url":"https:\/\/fjellheimengalleri.no\/no\/","name":"Fjellheimen Galleri","description":"PRISBEL\u00d8NTE FOTOGRAFIER OG H\u00c5NDLAGEDE BILDERAMMER AV GAMMELT TREVERK FRA DEN NORSKE FJELLHEIMEN, OG MER!","publisher":{"@id":"https:\/\/fjellheimengalleri.no\/no\/#organization"},"potentialAction":[{"@type":"SearchAction","target":{"@type":"EntryPoint","urlTemplate":"https:\/\/fjellheimengalleri.no\/no\/?s={search_term_string}"},"query-input":{"@type":"PropertyValueSpecification","valueRequired":true,"valueName":"search_term_string"}}],"inLanguage":"nb-NO"},{"@type":"Organization","@id":"https:\/\/fjellheimengalleri.no\/no\/#organization","name":"Fjellheimen Galleri","url":"https:\/\/fjellheimengalleri.no\/no\/","logo":{"@type":"ImageObject","inLanguage":"nb-NO","@id":"https:\/\/fjellheimengalleri.no\/no\/#\/schema\/logo\/image\/","url":"https:\/\/fjellheimengalleri.no\/wp-content\/uploads\/2026\/02\/cropped-Logo_Bla_fjellheimen_galleri-1.png","contentUrl":"https:\/\/fjellheimengalleri.no\/wp-content\/uploads\/2026\/02\/cropped-Logo_Bla_fjellheimen_galleri-1.png","width":769,"height":473,"caption":"Fjellheimen Galleri"},"image":{"@id":"https:\/\/fjellheimengalleri.no\/no\/#\/schema\/logo\/image\/"}}]}},"_links":{"self":[{"href":"https:\/\/fjellheimengalleri.no\/no\/wp-json\/wp\/v2\/product\/18774","targetHints":{"allow":["GET"]}}],"collection":[{"href":"https:\/\/fjellheimengalleri.no\/no\/wp-json\/wp\/v2\/product"}],"about":[{"href":"https:\/\/fjellheimengalleri.no\/no\/wp-json\/wp\/v2\/types\/product"}],"wp:featuredmedia":[{"embeddable":true,"href":"https:\/\/fjellheimengalleri.no\/no\/wp-json\/wp\/v2\/media\/13807"}],"wp:attachment":[{"href":"https:\/\/fjellheimengalleri.no\/no\/wp-json\/wp\/v2\/media?parent=18774"}],"wp:term":[{"taxonomy":"product_brand","embeddable":true,"href":"https:\/\/fjellheimengalleri.no\/no\/wp-json\/wp\/v2\/product_brand?post=18774"},{"taxonomy":"product_cat","embeddable":true,"href":"https:\/\/fjellheimengalleri.no\/no\/wp-json\/wp\/v2\/product_cat?post=18774"},{"taxonomy":"product_tag","embeddable":true,"href":"https:\/\/fjellheimengalleri.no\/no\/wp-json\/wp\/v2\/product_tag?post=18774"},{"taxonomy":"product-subject","embeddable":true,"href":"https:\/\/fjellheimengalleri.no\/no\/wp-json\/wp\/v2\/product-subject?post=18774"},{"taxonomy":"product-season","embeddable":true,"href":"https:\/\/fjellheimengalleri.no\/no\/wp-json\/wp\/v2\/product-season?post=18774"},{"taxonomy":"product-exhibition","embeddable":true,"href":"https:\/\/fjellheimengalleri.no\/no\/wp-json\/wp\/v2\/product-exhibition?post=18774"},{"taxonomy":"product-theme","embeddable":true,"href":"https:\/\/fjellheimengalleri.no\/no\/wp-json\/wp\/v2\/product-theme?post=18774"},{"taxonomy":"product-colour","embeddable":true,"href":"https:\/\/fjellheimengalleri.no\/no\/wp-json\/wp\/v2\/product-colour?post=18774"},{"taxonomy":"product-land","embeddable":true,"href":"https:\/\/fjellheimengalleri.no\/no\/wp-json\/wp\/v2\/product-land?post=18774"},{"taxonomy":"product-print-size","embeddable":true,"href":"https:\/\/fjellheimengalleri.no\/no\/wp-json\/wp\/v2\/product-print-size?post=18774"}],"curies":[{"name":"wp","href":"https:\/\/api.w.org\/{rel}","templated":true}]}}