{"id":19288,"date":"2020-06-09T12:34:18","date_gmt":"2020-06-09T12:34:18","guid":{"rendered":"https:\/\/fjellheimengalleri.no\/product\/touch-of-light-on-a-mountain-slope\/"},"modified":"2026-01-04T20:33:33","modified_gmt":"2026-01-04T20:33:33","slug":"touch-of-light-on-a-mountain-slope","status":"publish","type":"product","link":"https:\/\/fjellheimengalleri.no\/no\/produkt\/touch-of-light-on-a-mountain-slope\/","title":{"rendered":"&laquo;Touch of light on a mountain slope&raquo; | Laponia, Sverige"},"content":{"rendered":"","protected":false},"excerpt":{"rendered":"<p>Foto: Orsolya Haarberg<br \/>\nSted: Sarek nasjonalpark, Laponia Verdensarvomr\u00e5de, Sverige<br \/>\n\u00c5r: 2013<\/p>\n<p>Tilgjengelig p\u00e5 Fabriano Printmaking Rag fine art papir (matt overflate) i f\u00f8lgende st\u00f8rrelser:<\/p>\n<ul>\n<li>20 cm x 30 cm print p\u00e5 27 cm x 37 cm papir | Opplag p\u00e5 30<\/li>\n<li>75cm x 112.5cm print p\u00e5 85 cm x 122.5 cm papir | Opplag p\u00e5 3 (se illustrasjonsbilde med svart treramme i produkt galleriet)<\/li>\n<\/ul>\n<p>Bestillingsalternativer:<\/p>\n<ul>\n<li>print uten montering og innramming<\/li>\n<li>montert p\u00e5 5 mm tykk skumplate og innrammet i 2 cm brei, matt svart treramme med 70% UV antirefleks Artglass.<\/li>\n<\/ul>\n<p>Printene er nummerert og signert.<\/p>\n<p>Priser er inkl. kunstavgift til Bildende Kunstneres Hjelpefond.<\/p>\n","protected":false},"featured_media":18752,"template":"","meta":[],"product_brand":[],"product_cat":[209],"product_tag":[],"product-subject":[185,193],"product-season":[196],"product-exhibition":[],"product-theme":[293],"product-colour":[200,261,203],"product-land":[331],"product-print-size":[],"class_list":{"0":"post-19288","1":"product","2":"type-product","3":"status-publish","4":"has-post-thumbnail","6":"product_cat-fine-art-print","7":"product-subject-fjell","8":"product-subject-intime-landskap","9":"product-season-sommer","10":"product-theme-laponia-no","11":"product-colour-brun","12":"product-colour-gra","13":"product-colour-gul-oransje","14":"product-land-sverige","15":"sales-flash-overlay","16":"woocommerce-text-align-center","17":"woocommerce-image-align-center","18":"do-quantity-buttons","19":"wc-has-gallery","21":"first","22":"instock","23":"shipping-taxable","24":"purchasable","25":"product-type-variable"},"yoast_head":"<!-- This site is optimized with the Yoast SEO plugin v27.4 - https:\/\/yoast.com\/product\/yoast-seo-wordpress\/ -->\n<title>&quot;Touch of light on a mountain slope&quot; | Laponia, Sverige - Fjellheimen Galleri<\/title>\n<meta name=\"robots\" content=\"index, follow, max-snippet:-1, max-image-preview:large, max-video-preview:-1\" \/>\n<link rel=\"canonical\" href=\"https:\/\/fjellheimengalleri.no\/no\/produkt\/touch-of-light-on-a-mountain-slope\/\" \/>\n<meta property=\"og:locale\" content=\"nb_NO\" \/>\n<meta property=\"og:type\" content=\"article\" \/>\n<meta property=\"og:title\" content=\"&quot;Touch of light on a mountain slope&quot; | Laponia, Sverige - Fjellheimen Galleri\" \/>\n<meta property=\"og:description\" content=\"Foto: Orsolya Haarberg Sted: Sarek nasjonalpark, Laponia Verdensarvomr\u00e5de, Sverige \u00c5r: 2013 Tilgjengelig p\u00e5 Fabriano Printmaking Rag fine art papir (matt overflate) i f\u00f8lgende st\u00f8rrelser:  20 cm x 30 cm print p\u00e5 27 cm x 37 cm papir | Opplag p\u00e5 30  75cm x 112.5cm print p\u00e5 85 cm x 122.5 cm papir | Opplag p\u00e5 3 (se illustrasjonsbilde med svart treramme i produkt galleriet) Bestillingsalternativer:  print uten montering og innramming  montert p\u00e5 5 mm tykk skumplate og innrammet i 2 cm brei, matt svart treramme med 70% UV antirefleks Artglass. Printene er nummerert og signert. Priser er inkl. kunstavgift til Bildende Kunstneres Hjelpefond.\" \/>\n<meta property=\"og:url\" content=\"https:\/\/fjellheimengalleri.no\/no\/produkt\/touch-of-light-on-a-mountain-slope\/\" \/>\n<meta property=\"og:site_name\" content=\"Fjellheimen Galleri\" \/>\n<meta property=\"article:modified_time\" content=\"2026-01-04T20:33:33+00:00\" \/>\n<meta property=\"og:image\" content=\"https:\/\/fjellheimengalleri.no\/wp-content\/uploads\/2020\/06\/Laponia_6130_OHA-2013-08-23-202124-1.jpg\" \/>\n\t<meta property=\"og:image:width\" content=\"1500\" \/>\n\t<meta property=\"og:image:height\" content=\"1000\" \/>\n\t<meta property=\"og:image:type\" content=\"image\/jpeg\" \/>\n<meta name=\"twitter:card\" content=\"summary_large_image\" \/>\n<meta name=\"twitter:label1\" content=\"Ansl. lesetid\" \/>\n\t<meta name=\"twitter:data1\" content=\"1 minutt\" \/>\n<script type=\"application\/ld+json\" class=\"yoast-schema-graph\">{\"@context\":\"https:\\\/\\\/schema.org\",\"@graph\":[{\"@type\":\"WebPage\",\"@id\":\"https:\\\/\\\/fjellheimengalleri.no\\\/no\\\/produkt\\\/touch-of-light-on-a-mountain-slope\\\/\",\"url\":\"https:\\\/\\\/fjellheimengalleri.no\\\/no\\\/produkt\\\/touch-of-light-on-a-mountain-slope\\\/\",\"name\":\"\\\"Touch of light on a mountain slope\\\" | Laponia, Sverige - Fjellheimen Galleri\",\"isPartOf\":{\"@id\":\"https:\\\/\\\/fjellheimengalleri.no\\\/no\\\/#website\"},\"primaryImageOfPage\":{\"@id\":\"https:\\\/\\\/fjellheimengalleri.no\\\/no\\\/produkt\\\/touch-of-light-on-a-mountain-slope\\\/#primaryimage\"},\"image\":{\"@id\":\"https:\\\/\\\/fjellheimengalleri.no\\\/no\\\/produkt\\\/touch-of-light-on-a-mountain-slope\\\/#primaryimage\"},\"thumbnailUrl\":\"https:\\\/\\\/fjellheimengalleri.no\\\/wp-content\\\/uploads\\\/2020\\\/06\\\/Laponia_6130_OHA-2013-08-23-202124-1.jpg\",\"datePublished\":\"2020-06-09T12:34:18+00:00\",\"dateModified\":\"2026-01-04T20:33:33+00:00\",\"breadcrumb\":{\"@id\":\"https:\\\/\\\/fjellheimengalleri.no\\\/no\\\/produkt\\\/touch-of-light-on-a-mountain-slope\\\/#breadcrumb\"},\"inLanguage\":\"nb-NO\",\"potentialAction\":[{\"@type\":\"ReadAction\",\"target\":[\"https:\\\/\\\/fjellheimengalleri.no\\\/no\\\/produkt\\\/touch-of-light-on-a-mountain-slope\\\/\"]}]},{\"@type\":\"ImageObject\",\"inLanguage\":\"nb-NO\",\"@id\":\"https:\\\/\\\/fjellheimengalleri.no\\\/no\\\/produkt\\\/touch-of-light-on-a-mountain-slope\\\/#primaryimage\",\"url\":\"https:\\\/\\\/fjellheimengalleri.no\\\/wp-content\\\/uploads\\\/2020\\\/06\\\/Laponia_6130_OHA-2013-08-23-202124-1.jpg\",\"contentUrl\":\"https:\\\/\\\/fjellheimengalleri.no\\\/wp-content\\\/uploads\\\/2020\\\/06\\\/Laponia_6130_OHA-2013-08-23-202124-1.jpg\",\"width\":1500,\"height\":1000},{\"@type\":\"BreadcrumbList\",\"@id\":\"https:\\\/\\\/fjellheimengalleri.no\\\/no\\\/produkt\\\/touch-of-light-on-a-mountain-slope\\\/#breadcrumb\",\"itemListElement\":[{\"@type\":\"ListItem\",\"position\":1,\"name\":\"Home\",\"item\":\"https:\\\/\\\/fjellheimengalleri.no\\\/no\\\/\"},{\"@type\":\"ListItem\",\"position\":2,\"name\":\"Velkommen til Fjellheimen galleri!\",\"item\":\"https:\\\/\\\/fjellheimengalleri.no\\\/no\\\/shop\\\/\"},{\"@type\":\"ListItem\",\"position\":3,\"name\":\"&#8220;Touch of light on a mountain slope&#8221; | Laponia, Sverige\"}]},{\"@type\":\"WebSite\",\"@id\":\"https:\\\/\\\/fjellheimengalleri.no\\\/no\\\/#website\",\"url\":\"https:\\\/\\\/fjellheimengalleri.no\\\/no\\\/\",\"name\":\"Fjellheimen Galleri\",\"description\":\"PRISBEL\u00d8NTE FOTOGRAFIER OG H\u00c5NDLAGEDE BILDERAMMER AV GAMMELT TREVERK FRA DEN NORSKE FJELLHEIMEN, OG MER!\",\"publisher\":{\"@id\":\"https:\\\/\\\/fjellheimengalleri.no\\\/no\\\/#organization\"},\"potentialAction\":[{\"@type\":\"SearchAction\",\"target\":{\"@type\":\"EntryPoint\",\"urlTemplate\":\"https:\\\/\\\/fjellheimengalleri.no\\\/no\\\/?s={search_term_string}\"},\"query-input\":{\"@type\":\"PropertyValueSpecification\",\"valueRequired\":true,\"valueName\":\"search_term_string\"}}],\"inLanguage\":\"nb-NO\"},{\"@type\":\"Organization\",\"@id\":\"https:\\\/\\\/fjellheimengalleri.no\\\/no\\\/#organization\",\"name\":\"Fjellheimen Galleri\",\"url\":\"https:\\\/\\\/fjellheimengalleri.no\\\/no\\\/\",\"logo\":{\"@type\":\"ImageObject\",\"inLanguage\":\"nb-NO\",\"@id\":\"https:\\\/\\\/fjellheimengalleri.no\\\/no\\\/#\\\/schema\\\/logo\\\/image\\\/\",\"url\":\"https:\\\/\\\/fjellheimengalleri.no\\\/wp-content\\\/uploads\\\/2026\\\/02\\\/cropped-Logo_Bla_fjellheimen_galleri-1.png\",\"contentUrl\":\"https:\\\/\\\/fjellheimengalleri.no\\\/wp-content\\\/uploads\\\/2026\\\/02\\\/cropped-Logo_Bla_fjellheimen_galleri-1.png\",\"width\":769,\"height\":473,\"caption\":\"Fjellheimen Galleri\"},\"image\":{\"@id\":\"https:\\\/\\\/fjellheimengalleri.no\\\/no\\\/#\\\/schema\\\/logo\\\/image\\\/\"}}]}<\/script>\n<!-- \/ Yoast SEO plugin. -->","yoast_head_json":{"title":"\"Touch of light on a mountain slope\" | Laponia, Sverige - Fjellheimen Galleri","robots":{"index":"index","follow":"follow","max-snippet":"max-snippet:-1","max-image-preview":"max-image-preview:large","max-video-preview":"max-video-preview:-1"},"canonical":"https:\/\/fjellheimengalleri.no\/no\/produkt\/touch-of-light-on-a-mountain-slope\/","og_locale":"nb_NO","og_type":"article","og_title":"\"Touch of light on a mountain slope\" | Laponia, Sverige - Fjellheimen Galleri","og_description":"Foto: Orsolya Haarberg Sted: Sarek nasjonalpark, Laponia Verdensarvomr\u00e5de, Sverige \u00c5r: 2013 Tilgjengelig p\u00e5 Fabriano Printmaking Rag fine art papir (matt overflate) i f\u00f8lgende st\u00f8rrelser:  20 cm x 30 cm print p\u00e5 27 cm x 37 cm papir | Opplag p\u00e5 30  75cm x 112.5cm print p\u00e5 85 cm x 122.5 cm papir | Opplag p\u00e5 3 (se illustrasjonsbilde med svart treramme i produkt galleriet) Bestillingsalternativer:  print uten montering og innramming  montert p\u00e5 5 mm tykk skumplate og innrammet i 2 cm brei, matt svart treramme med 70% UV antirefleks Artglass. Printene er nummerert og signert. Priser er inkl. kunstavgift til Bildende Kunstneres Hjelpefond.","og_url":"https:\/\/fjellheimengalleri.no\/no\/produkt\/touch-of-light-on-a-mountain-slope\/","og_site_name":"Fjellheimen Galleri","article_modified_time":"2026-01-04T20:33:33+00:00","og_image":[{"width":1500,"height":1000,"url":"https:\/\/fjellheimengalleri.no\/wp-content\/uploads\/2020\/06\/Laponia_6130_OHA-2013-08-23-202124-1.jpg","type":"image\/jpeg"}],"twitter_card":"summary_large_image","twitter_misc":{"Ansl. lesetid":"1 minutt"},"schema":{"@context":"https:\/\/schema.org","@graph":[{"@type":"WebPage","@id":"https:\/\/fjellheimengalleri.no\/no\/produkt\/touch-of-light-on-a-mountain-slope\/","url":"https:\/\/fjellheimengalleri.no\/no\/produkt\/touch-of-light-on-a-mountain-slope\/","name":"\"Touch of light on a mountain slope\" | Laponia, Sverige - Fjellheimen Galleri","isPartOf":{"@id":"https:\/\/fjellheimengalleri.no\/no\/#website"},"primaryImageOfPage":{"@id":"https:\/\/fjellheimengalleri.no\/no\/produkt\/touch-of-light-on-a-mountain-slope\/#primaryimage"},"image":{"@id":"https:\/\/fjellheimengalleri.no\/no\/produkt\/touch-of-light-on-a-mountain-slope\/#primaryimage"},"thumbnailUrl":"https:\/\/fjellheimengalleri.no\/wp-content\/uploads\/2020\/06\/Laponia_6130_OHA-2013-08-23-202124-1.jpg","datePublished":"2020-06-09T12:34:18+00:00","dateModified":"2026-01-04T20:33:33+00:00","breadcrumb":{"@id":"https:\/\/fjellheimengalleri.no\/no\/produkt\/touch-of-light-on-a-mountain-slope\/#breadcrumb"},"inLanguage":"nb-NO","potentialAction":[{"@type":"ReadAction","target":["https:\/\/fjellheimengalleri.no\/no\/produkt\/touch-of-light-on-a-mountain-slope\/"]}]},{"@type":"ImageObject","inLanguage":"nb-NO","@id":"https:\/\/fjellheimengalleri.no\/no\/produkt\/touch-of-light-on-a-mountain-slope\/#primaryimage","url":"https:\/\/fjellheimengalleri.no\/wp-content\/uploads\/2020\/06\/Laponia_6130_OHA-2013-08-23-202124-1.jpg","contentUrl":"https:\/\/fjellheimengalleri.no\/wp-content\/uploads\/2020\/06\/Laponia_6130_OHA-2013-08-23-202124-1.jpg","width":1500,"height":1000},{"@type":"BreadcrumbList","@id":"https:\/\/fjellheimengalleri.no\/no\/produkt\/touch-of-light-on-a-mountain-slope\/#breadcrumb","itemListElement":[{"@type":"ListItem","position":1,"name":"Home","item":"https:\/\/fjellheimengalleri.no\/no\/"},{"@type":"ListItem","position":2,"name":"Velkommen til Fjellheimen galleri!","item":"https:\/\/fjellheimengalleri.no\/no\/shop\/"},{"@type":"ListItem","position":3,"name":"&#8220;Touch of light on a mountain slope&#8221; | Laponia, Sverige"}]},{"@type":"WebSite","@id":"https:\/\/fjellheimengalleri.no\/no\/#website","url":"https:\/\/fjellheimengalleri.no\/no\/","name":"Fjellheimen Galleri","description":"PRISBEL\u00d8NTE FOTOGRAFIER OG H\u00c5NDLAGEDE BILDERAMMER AV GAMMELT TREVERK FRA DEN NORSKE FJELLHEIMEN, OG MER!","publisher":{"@id":"https:\/\/fjellheimengalleri.no\/no\/#organization"},"potentialAction":[{"@type":"SearchAction","target":{"@type":"EntryPoint","urlTemplate":"https:\/\/fjellheimengalleri.no\/no\/?s={search_term_string}"},"query-input":{"@type":"PropertyValueSpecification","valueRequired":true,"valueName":"search_term_string"}}],"inLanguage":"nb-NO"},{"@type":"Organization","@id":"https:\/\/fjellheimengalleri.no\/no\/#organization","name":"Fjellheimen Galleri","url":"https:\/\/fjellheimengalleri.no\/no\/","logo":{"@type":"ImageObject","inLanguage":"nb-NO","@id":"https:\/\/fjellheimengalleri.no\/no\/#\/schema\/logo\/image\/","url":"https:\/\/fjellheimengalleri.no\/wp-content\/uploads\/2026\/02\/cropped-Logo_Bla_fjellheimen_galleri-1.png","contentUrl":"https:\/\/fjellheimengalleri.no\/wp-content\/uploads\/2026\/02\/cropped-Logo_Bla_fjellheimen_galleri-1.png","width":769,"height":473,"caption":"Fjellheimen Galleri"},"image":{"@id":"https:\/\/fjellheimengalleri.no\/no\/#\/schema\/logo\/image\/"}}]}},"_links":{"self":[{"href":"https:\/\/fjellheimengalleri.no\/no\/wp-json\/wp\/v2\/product\/19288","targetHints":{"allow":["GET"]}}],"collection":[{"href":"https:\/\/fjellheimengalleri.no\/no\/wp-json\/wp\/v2\/product"}],"about":[{"href":"https:\/\/fjellheimengalleri.no\/no\/wp-json\/wp\/v2\/types\/product"}],"wp:featuredmedia":[{"embeddable":true,"href":"https:\/\/fjellheimengalleri.no\/no\/wp-json\/wp\/v2\/media\/18752"}],"wp:attachment":[{"href":"https:\/\/fjellheimengalleri.no\/no\/wp-json\/wp\/v2\/media?parent=19288"}],"wp:term":[{"taxonomy":"product_brand","embeddable":true,"href":"https:\/\/fjellheimengalleri.no\/no\/wp-json\/wp\/v2\/product_brand?post=19288"},{"taxonomy":"product_cat","embeddable":true,"href":"https:\/\/fjellheimengalleri.no\/no\/wp-json\/wp\/v2\/product_cat?post=19288"},{"taxonomy":"product_tag","embeddable":true,"href":"https:\/\/fjellheimengalleri.no\/no\/wp-json\/wp\/v2\/product_tag?post=19288"},{"taxonomy":"product-subject","embeddable":true,"href":"https:\/\/fjellheimengalleri.no\/no\/wp-json\/wp\/v2\/product-subject?post=19288"},{"taxonomy":"product-season","embeddable":true,"href":"https:\/\/fjellheimengalleri.no\/no\/wp-json\/wp\/v2\/product-season?post=19288"},{"taxonomy":"product-exhibition","embeddable":true,"href":"https:\/\/fjellheimengalleri.no\/no\/wp-json\/wp\/v2\/product-exhibition?post=19288"},{"taxonomy":"product-theme","embeddable":true,"href":"https:\/\/fjellheimengalleri.no\/no\/wp-json\/wp\/v2\/product-theme?post=19288"},{"taxonomy":"product-colour","embeddable":true,"href":"https:\/\/fjellheimengalleri.no\/no\/wp-json\/wp\/v2\/product-colour?post=19288"},{"taxonomy":"product-land","embeddable":true,"href":"https:\/\/fjellheimengalleri.no\/no\/wp-json\/wp\/v2\/product-land?post=19288"},{"taxonomy":"product-print-size","embeddable":true,"href":"https:\/\/fjellheimengalleri.no\/no\/wp-json\/wp\/v2\/product-print-size?post=19288"}],"curies":[{"name":"wp","href":"https:\/\/api.w.org\/{rel}","templated":true}]}}