{"id":20059,"date":"2024-11-06T07:12:41","date_gmt":"2024-11-06T11:18:51","guid":{"rendered":"https:\/\/fjellheimengalleri.no\/product\/gavekort\/"},"modified":"2024-11-06T12:14:53","modified_gmt":"2024-11-06T12:14:53","slug":"gavekort","status":"publish","type":"product","link":"https:\/\/fjellheimengalleri.no\/no\/produkt\/gavekort\/","title":{"rendered":"GAVEKORT"},"content":{"rendered":"","protected":false},"excerpt":{"rendered":"<p>Jeg har gleden av \u00e5 tilby gavekort med ulike bel\u00f8p som kan brukes til kj\u00f8p av produkter i denne nettbutikken og p\u00e5 rein-design.no<\/p>\n<p>Gavekortet kan benyttes til full betaling av ett produkt, eller til delbetaling av ett h\u00f8yere bel\u00f8p. Ved kj\u00f8p av ett produkt med lavere pris en gavekortets verdi, kan ubenyttet bel\u00f8p benyttes ved en senere anledning f\u00f8r gavekortets utl\u00f8psdato.<\/p>\n<p>Ved en eventuell bestilling f\u00e5r du tilsendt faktura pr e-post, samt et trykt gavekort med kortnummer (rabattkode), verdi, utl\u00f8psdato og adresser til mine nettbutikker.<\/p>\n<p>&nbsp;<\/p>\n<p><!-- wp:paragraph -->Gavekortene selges med fastsatte bel\u00f8p som er tilpasset prisen p\u00e5 fine art print* i forskjellige st\u00f8rrelser.<\/p>\n<ul>\n<li><!-- \/wp:paragraph --><!-- wp:paragraph --><strong>Kr. 1 900,-<\/strong> tilsvarer verdien til en 20cm x 30cm print.<\/li>\n<li><!-- \/wp:paragraph --><!-- wp:paragraph --><strong>Kr. 2 900,-<\/strong> tilsvarer verdien til en 20cm x 30cm print, som er innrammet i en hvit eller sort treramme med artglass, eller i en <a href=\"https:\/\/fjellheimengalleri.no\/no\/fine-art-print\/bilder-i-unike-trerammer\/\">unik treramme<\/a> med artglass.<\/li>\n<li><!-- \/wp:paragraph --><!-- wp:paragraph --><strong>Kr. 5 500,-<\/strong> tilsvarer verdien til en 40cm x 60cm print.<\/li>\n<li><!-- \/wp:paragraph --><!-- wp:paragraph --><strong>Kr. 7 900,-<\/strong> tilsvarer verdien til en 40cm x 60cm print, som er innrammet i en hvit eller sort treramme med artglass.<\/li>\n<li><!-- \/wp:paragraph --><!-- wp:paragraph --><strong>Kr. 9 900,-<\/strong> tilsvarer verdien til en <a href=\"https:\/\/www.rein-design.no\/kategori-sk\u00e5l\">REiN Sk\u00e5l<\/a><\/li>\n<li><!-- \/wp:paragraph --><!-- wp:paragraph --><strong>Kr. 12 900,-<\/strong> tilsvarer verdien til en 60cm x 90cm print.<\/li>\n<li><!-- \/wp:paragraph --><!-- wp:paragraph --><strong>Kr. 16 900,-<\/strong> tilsvarer verdien til en 60cm x 90cm print, som er innrammet i en hvit eller sort treramme med artglass.<\/li>\n<\/ul>\n<p>*<!-- \/wp:paragraph --><!-- wp:paragraph -->Fotografiene selges i et begrenset opplag, og er signert og nummerert.<\/p>\n<p>&nbsp;<\/p>\n<p><!-- \/wp:paragraph --><\/p>\n<p>Oppgitte produktpriser er inklusive frakt innenfor Norge.<\/p>\n","protected":false},"featured_media":19888,"template":"","meta":[],"product_brand":[],"product_cat":[346],"product_tag":[],"product-subject":[],"product-season":[],"product-exhibition":[],"product-theme":[],"product-colour":[],"product-land":[],"product-print-size":[],"class_list":{"0":"post-20059","1":"product","2":"type-product","3":"status-publish","4":"has-post-thumbnail","6":"product_cat-gavekort-no","7":"sales-flash-overlay","8":"woocommerce-text-align-center","9":"woocommerce-image-align-center","10":"do-quantity-buttons","12":"first","13":"instock","14":"shipping-taxable","15":"purchasable","16":"product-type-variable"},"yoast_head":"<!-- This site is optimized with the Yoast SEO plugin v27.4 - https:\/\/yoast.com\/product\/yoast-seo-wordpress\/ -->\n<title>GAVEKORT - Fjellheimen Galleri<\/title>\n<meta name=\"description\" content=\"Jeg har gleden av \u00e5 tilby gavekort med ulike bel\u00f8p som kan brukes til kj\u00f8p av produkter i denne nettbutikken og p\u00e5 rein-design.no\" \/>\n<meta name=\"robots\" content=\"index, follow, max-snippet:-1, max-image-preview:large, max-video-preview:-1\" \/>\n<link rel=\"canonical\" href=\"https:\/\/fjellheimengalleri.no\/no\/produkt\/gavekort\/\" \/>\n<meta property=\"og:locale\" content=\"nb_NO\" \/>\n<meta property=\"og:type\" content=\"article\" \/>\n<meta property=\"og:title\" content=\"GAVEKORT - Fjellheimen Galleri\" \/>\n<meta property=\"og:description\" content=\"Jeg har gleden av \u00e5 tilby gavekort med ulike bel\u00f8p som kan brukes til kj\u00f8p av produkter i denne nettbutikken og p\u00e5 rein-design.no\" \/>\n<meta property=\"og:url\" content=\"https:\/\/fjellheimengalleri.no\/no\/produkt\/gavekort\/\" \/>\n<meta property=\"og:site_name\" content=\"Fjellheimen Galleri\" \/>\n<meta property=\"article:modified_time\" content=\"2024-11-06T12:14:53+00:00\" \/>\n<meta property=\"og:image\" content=\"https:\/\/fjellheimengalleri.no\/wp-content\/uploads\/2024\/11\/gavekort-2.jpg\" \/>\n\t<meta property=\"og:image:width\" content=\"827\" \/>\n\t<meta property=\"og:image:height\" content=\"1181\" \/>\n\t<meta property=\"og:image:type\" content=\"image\/jpeg\" \/>\n<meta name=\"twitter:card\" content=\"summary_large_image\" \/>\n<meta name=\"twitter:label1\" content=\"Ansl. lesetid\" \/>\n\t<meta name=\"twitter:data1\" content=\"1 minutt\" \/>\n<script type=\"application\/ld+json\" class=\"yoast-schema-graph\">{\"@context\":\"https:\\\/\\\/schema.org\",\"@graph\":[{\"@type\":\"WebPage\",\"@id\":\"https:\\\/\\\/fjellheimengalleri.no\\\/no\\\/produkt\\\/gavekort\\\/\",\"url\":\"https:\\\/\\\/fjellheimengalleri.no\\\/no\\\/produkt\\\/gavekort\\\/\",\"name\":\"GAVEKORT - Fjellheimen Galleri\",\"isPartOf\":{\"@id\":\"https:\\\/\\\/fjellheimengalleri.no\\\/no\\\/#website\"},\"primaryImageOfPage\":{\"@id\":\"https:\\\/\\\/fjellheimengalleri.no\\\/no\\\/produkt\\\/gavekort\\\/#primaryimage\"},\"image\":{\"@id\":\"https:\\\/\\\/fjellheimengalleri.no\\\/no\\\/produkt\\\/gavekort\\\/#primaryimage\"},\"thumbnailUrl\":\"https:\\\/\\\/fjellheimengalleri.no\\\/wp-content\\\/uploads\\\/2024\\\/11\\\/gavekort-2.jpg\",\"datePublished\":\"2024-11-06T11:18:51+00:00\",\"dateModified\":\"2024-11-06T12:14:53+00:00\",\"description\":\"Jeg har gleden av \u00e5 tilby gavekort med ulike bel\u00f8p som kan brukes til kj\u00f8p av produkter i denne nettbutikken og p\u00e5 rein-design.no\",\"breadcrumb\":{\"@id\":\"https:\\\/\\\/fjellheimengalleri.no\\\/no\\\/produkt\\\/gavekort\\\/#breadcrumb\"},\"inLanguage\":\"nb-NO\",\"potentialAction\":[{\"@type\":\"ReadAction\",\"target\":[\"https:\\\/\\\/fjellheimengalleri.no\\\/no\\\/produkt\\\/gavekort\\\/\"]}]},{\"@type\":\"ImageObject\",\"inLanguage\":\"nb-NO\",\"@id\":\"https:\\\/\\\/fjellheimengalleri.no\\\/no\\\/produkt\\\/gavekort\\\/#primaryimage\",\"url\":\"https:\\\/\\\/fjellheimengalleri.no\\\/wp-content\\\/uploads\\\/2024\\\/11\\\/gavekort-2.jpg\",\"contentUrl\":\"https:\\\/\\\/fjellheimengalleri.no\\\/wp-content\\\/uploads\\\/2024\\\/11\\\/gavekort-2.jpg\",\"width\":827,\"height\":1181},{\"@type\":\"BreadcrumbList\",\"@id\":\"https:\\\/\\\/fjellheimengalleri.no\\\/no\\\/produkt\\\/gavekort\\\/#breadcrumb\",\"itemListElement\":[{\"@type\":\"ListItem\",\"position\":1,\"name\":\"Home\",\"item\":\"https:\\\/\\\/fjellheimengalleri.no\\\/no\\\/\"},{\"@type\":\"ListItem\",\"position\":2,\"name\":\"Velkommen til Fjellheimen galleri!\",\"item\":\"https:\\\/\\\/fjellheimengalleri.no\\\/no\\\/shop\\\/\"},{\"@type\":\"ListItem\",\"position\":3,\"name\":\"GAVEKORT\"}]},{\"@type\":\"WebSite\",\"@id\":\"https:\\\/\\\/fjellheimengalleri.no\\\/no\\\/#website\",\"url\":\"https:\\\/\\\/fjellheimengalleri.no\\\/no\\\/\",\"name\":\"Fjellheimen Galleri\",\"description\":\"PRISBEL\u00d8NTE FOTOGRAFIER OG H\u00c5NDLAGEDE BILDERAMMER AV GAMMELT TREVERK FRA DEN NORSKE FJELLHEIMEN, OG MER!\",\"publisher\":{\"@id\":\"https:\\\/\\\/fjellheimengalleri.no\\\/no\\\/#organization\"},\"potentialAction\":[{\"@type\":\"SearchAction\",\"target\":{\"@type\":\"EntryPoint\",\"urlTemplate\":\"https:\\\/\\\/fjellheimengalleri.no\\\/no\\\/?s={search_term_string}\"},\"query-input\":{\"@type\":\"PropertyValueSpecification\",\"valueRequired\":true,\"valueName\":\"search_term_string\"}}],\"inLanguage\":\"nb-NO\"},{\"@type\":\"Organization\",\"@id\":\"https:\\\/\\\/fjellheimengalleri.no\\\/no\\\/#organization\",\"name\":\"Fjellheimen Galleri\",\"url\":\"https:\\\/\\\/fjellheimengalleri.no\\\/no\\\/\",\"logo\":{\"@type\":\"ImageObject\",\"inLanguage\":\"nb-NO\",\"@id\":\"https:\\\/\\\/fjellheimengalleri.no\\\/no\\\/#\\\/schema\\\/logo\\\/image\\\/\",\"url\":\"https:\\\/\\\/fjellheimengalleri.no\\\/wp-content\\\/uploads\\\/2026\\\/02\\\/cropped-Logo_Bla_fjellheimen_galleri-1.png\",\"contentUrl\":\"https:\\\/\\\/fjellheimengalleri.no\\\/wp-content\\\/uploads\\\/2026\\\/02\\\/cropped-Logo_Bla_fjellheimen_galleri-1.png\",\"width\":769,\"height\":473,\"caption\":\"Fjellheimen Galleri\"},\"image\":{\"@id\":\"https:\\\/\\\/fjellheimengalleri.no\\\/no\\\/#\\\/schema\\\/logo\\\/image\\\/\"}}]}<\/script>\n<!-- \/ Yoast SEO plugin. -->","yoast_head_json":{"title":"GAVEKORT - Fjellheimen Galleri","description":"Jeg har gleden av \u00e5 tilby gavekort med ulike bel\u00f8p som kan brukes til kj\u00f8p av produkter i denne nettbutikken og p\u00e5 rein-design.no","robots":{"index":"index","follow":"follow","max-snippet":"max-snippet:-1","max-image-preview":"max-image-preview:large","max-video-preview":"max-video-preview:-1"},"canonical":"https:\/\/fjellheimengalleri.no\/no\/produkt\/gavekort\/","og_locale":"nb_NO","og_type":"article","og_title":"GAVEKORT - Fjellheimen Galleri","og_description":"Jeg har gleden av \u00e5 tilby gavekort med ulike bel\u00f8p som kan brukes til kj\u00f8p av produkter i denne nettbutikken og p\u00e5 rein-design.no","og_url":"https:\/\/fjellheimengalleri.no\/no\/produkt\/gavekort\/","og_site_name":"Fjellheimen Galleri","article_modified_time":"2024-11-06T12:14:53+00:00","og_image":[{"width":827,"height":1181,"url":"https:\/\/fjellheimengalleri.no\/wp-content\/uploads\/2024\/11\/gavekort-2.jpg","type":"image\/jpeg"}],"twitter_card":"summary_large_image","twitter_misc":{"Ansl. lesetid":"1 minutt"},"schema":{"@context":"https:\/\/schema.org","@graph":[{"@type":"WebPage","@id":"https:\/\/fjellheimengalleri.no\/no\/produkt\/gavekort\/","url":"https:\/\/fjellheimengalleri.no\/no\/produkt\/gavekort\/","name":"GAVEKORT - Fjellheimen Galleri","isPartOf":{"@id":"https:\/\/fjellheimengalleri.no\/no\/#website"},"primaryImageOfPage":{"@id":"https:\/\/fjellheimengalleri.no\/no\/produkt\/gavekort\/#primaryimage"},"image":{"@id":"https:\/\/fjellheimengalleri.no\/no\/produkt\/gavekort\/#primaryimage"},"thumbnailUrl":"https:\/\/fjellheimengalleri.no\/wp-content\/uploads\/2024\/11\/gavekort-2.jpg","datePublished":"2024-11-06T11:18:51+00:00","dateModified":"2024-11-06T12:14:53+00:00","description":"Jeg har gleden av \u00e5 tilby gavekort med ulike bel\u00f8p som kan brukes til kj\u00f8p av produkter i denne nettbutikken og p\u00e5 rein-design.no","breadcrumb":{"@id":"https:\/\/fjellheimengalleri.no\/no\/produkt\/gavekort\/#breadcrumb"},"inLanguage":"nb-NO","potentialAction":[{"@type":"ReadAction","target":["https:\/\/fjellheimengalleri.no\/no\/produkt\/gavekort\/"]}]},{"@type":"ImageObject","inLanguage":"nb-NO","@id":"https:\/\/fjellheimengalleri.no\/no\/produkt\/gavekort\/#primaryimage","url":"https:\/\/fjellheimengalleri.no\/wp-content\/uploads\/2024\/11\/gavekort-2.jpg","contentUrl":"https:\/\/fjellheimengalleri.no\/wp-content\/uploads\/2024\/11\/gavekort-2.jpg","width":827,"height":1181},{"@type":"BreadcrumbList","@id":"https:\/\/fjellheimengalleri.no\/no\/produkt\/gavekort\/#breadcrumb","itemListElement":[{"@type":"ListItem","position":1,"name":"Home","item":"https:\/\/fjellheimengalleri.no\/no\/"},{"@type":"ListItem","position":2,"name":"Velkommen til Fjellheimen galleri!","item":"https:\/\/fjellheimengalleri.no\/no\/shop\/"},{"@type":"ListItem","position":3,"name":"GAVEKORT"}]},{"@type":"WebSite","@id":"https:\/\/fjellheimengalleri.no\/no\/#website","url":"https:\/\/fjellheimengalleri.no\/no\/","name":"Fjellheimen Galleri","description":"PRISBEL\u00d8NTE FOTOGRAFIER OG H\u00c5NDLAGEDE BILDERAMMER AV GAMMELT TREVERK FRA DEN NORSKE FJELLHEIMEN, OG MER!","publisher":{"@id":"https:\/\/fjellheimengalleri.no\/no\/#organization"},"potentialAction":[{"@type":"SearchAction","target":{"@type":"EntryPoint","urlTemplate":"https:\/\/fjellheimengalleri.no\/no\/?s={search_term_string}"},"query-input":{"@type":"PropertyValueSpecification","valueRequired":true,"valueName":"search_term_string"}}],"inLanguage":"nb-NO"},{"@type":"Organization","@id":"https:\/\/fjellheimengalleri.no\/no\/#organization","name":"Fjellheimen Galleri","url":"https:\/\/fjellheimengalleri.no\/no\/","logo":{"@type":"ImageObject","inLanguage":"nb-NO","@id":"https:\/\/fjellheimengalleri.no\/no\/#\/schema\/logo\/image\/","url":"https:\/\/fjellheimengalleri.no\/wp-content\/uploads\/2026\/02\/cropped-Logo_Bla_fjellheimen_galleri-1.png","contentUrl":"https:\/\/fjellheimengalleri.no\/wp-content\/uploads\/2026\/02\/cropped-Logo_Bla_fjellheimen_galleri-1.png","width":769,"height":473,"caption":"Fjellheimen Galleri"},"image":{"@id":"https:\/\/fjellheimengalleri.no\/no\/#\/schema\/logo\/image\/"}}]}},"_links":{"self":[{"href":"https:\/\/fjellheimengalleri.no\/no\/wp-json\/wp\/v2\/product\/20059","targetHints":{"allow":["GET"]}}],"collection":[{"href":"https:\/\/fjellheimengalleri.no\/no\/wp-json\/wp\/v2\/product"}],"about":[{"href":"https:\/\/fjellheimengalleri.no\/no\/wp-json\/wp\/v2\/types\/product"}],"wp:featuredmedia":[{"embeddable":true,"href":"https:\/\/fjellheimengalleri.no\/no\/wp-json\/wp\/v2\/media\/19888"}],"wp:attachment":[{"href":"https:\/\/fjellheimengalleri.no\/no\/wp-json\/wp\/v2\/media?parent=20059"}],"wp:term":[{"taxonomy":"product_brand","embeddable":true,"href":"https:\/\/fjellheimengalleri.no\/no\/wp-json\/wp\/v2\/product_brand?post=20059"},{"taxonomy":"product_cat","embeddable":true,"href":"https:\/\/fjellheimengalleri.no\/no\/wp-json\/wp\/v2\/product_cat?post=20059"},{"taxonomy":"product_tag","embeddable":true,"href":"https:\/\/fjellheimengalleri.no\/no\/wp-json\/wp\/v2\/product_tag?post=20059"},{"taxonomy":"product-subject","embeddable":true,"href":"https:\/\/fjellheimengalleri.no\/no\/wp-json\/wp\/v2\/product-subject?post=20059"},{"taxonomy":"product-season","embeddable":true,"href":"https:\/\/fjellheimengalleri.no\/no\/wp-json\/wp\/v2\/product-season?post=20059"},{"taxonomy":"product-exhibition","embeddable":true,"href":"https:\/\/fjellheimengalleri.no\/no\/wp-json\/wp\/v2\/product-exhibition?post=20059"},{"taxonomy":"product-theme","embeddable":true,"href":"https:\/\/fjellheimengalleri.no\/no\/wp-json\/wp\/v2\/product-theme?post=20059"},{"taxonomy":"product-colour","embeddable":true,"href":"https:\/\/fjellheimengalleri.no\/no\/wp-json\/wp\/v2\/product-colour?post=20059"},{"taxonomy":"product-land","embeddable":true,"href":"https:\/\/fjellheimengalleri.no\/no\/wp-json\/wp\/v2\/product-land?post=20059"},{"taxonomy":"product-print-size","embeddable":true,"href":"https:\/\/fjellheimengalleri.no\/no\/wp-json\/wp\/v2\/product-print-size?post=20059"}],"curies":[{"name":"wp","href":"https:\/\/api.w.org\/{rel}","templated":true}]}}