{"id":20248,"date":"2025-06-24T11:26:17","date_gmt":"2025-06-24T11:26:17","guid":{"rendered":"https:\/\/fjellheimengalleri.no\/product\/eye-contact\/"},"modified":"2026-01-06T21:36:03","modified_gmt":"2026-01-06T21:36:03","slug":"eye-contact","status":"publish","type":"product","link":"https:\/\/fjellheimengalleri.no\/no\/produkt\/eye-contact\/","title":{"rendered":"Eye contact"},"content":{"rendered":"","protected":false},"excerpt":{"rendered":"<p>Foto: Orsolya Haarberg<br \/>\nSted: i n\u00e6rheten av R\u00f8ros<br \/>\n\u00c5r: 2015<\/p>\n<p>Tilgjengelig p\u00e5 Fabriano Printmaking Rag fine art papir i f\u00f8lgende st\u00f8rrelser:<\/p>\n<ul>\n<li>20 cm x 30 cm print | Opplag p\u00e5 30<\/li>\n<li>60 cm x 80 cm print | Opplag p\u00e5 30<\/li>\n<\/ul>\n<p>Bestillingsalternativer:<\/p>\n<ul>\n<li>print uten montering og innramming<\/li>\n<li>print montert p\u00e5 5 mm tykk skumplate og innrammet i 2 cm bred, svart treramme med 70% UV antirefleks Artglass.<\/li>\n<\/ul>\n<p>Printene er nummerert og signert.<\/p>\n<p>Priser er inkl. 5% kunstavgift til Bildende Kunstneres Hjelpefond.<\/p>\n","protected":false},"featured_media":20243,"template":"","meta":[],"product_brand":[],"product_cat":[356],"product_tag":[],"product-subject":[],"product-season":[],"product-exhibition":[],"product-theme":[],"product-colour":[],"product-land":[],"product-print-size":[],"class_list":{"0":"post-20248","1":"product","2":"type-product","3":"status-publish","4":"has-post-thumbnail","6":"product_cat-dyreliv","7":"sales-flash-overlay","8":"woocommerce-text-align-center","9":"woocommerce-image-align-center","10":"do-quantity-buttons","11":"wc-has-gallery","13":"first","14":"instock","15":"shipping-taxable","16":"purchasable","17":"product-type-variable"},"yoast_head":"<!-- This site is optimized with the Yoast SEO plugin v27.5 - https:\/\/yoast.com\/product\/yoast-seo-wordpress\/ -->\n<title>Eye contact - Fjellheimen Galleri<\/title>\n<meta name=\"description\" content=\"Fine art print i begrenset opplag\" \/>\n<meta name=\"robots\" content=\"index, follow, max-snippet:-1, max-image-preview:large, max-video-preview:-1\" \/>\n<link rel=\"canonical\" href=\"https:\/\/fjellheimengalleri.no\/no\/produkt\/eye-contact\/\" \/>\n<meta property=\"og:locale\" content=\"nb_NO\" \/>\n<meta property=\"og:type\" content=\"article\" \/>\n<meta property=\"og:title\" content=\"Eye contact\" \/>\n<meta property=\"og:description\" content=\"Fine art print i begrenset opplag\" \/>\n<meta property=\"og:url\" content=\"https:\/\/fjellheimengalleri.no\/no\/produkt\/eye-contact\/\" \/>\n<meta property=\"og:site_name\" content=\"Fjellheimen Galleri\" \/>\n<meta property=\"article:modified_time\" content=\"2026-01-06T21:36:03+00:00\" \/>\n<meta property=\"og:image\" content=\"https:\/\/fjellheimengalleri.no\/wp-content\/uploads\/2025\/06\/Eye-contact_natgeo-with-frame-700x532.jpg\" \/>\n<meta name=\"twitter:card\" content=\"summary_large_image\" \/>\n<meta name=\"twitter:label1\" content=\"Ansl. lesetid\" \/>\n\t<meta name=\"twitter:data1\" content=\"1 minutt\" \/>\n<script type=\"application\/ld+json\" class=\"yoast-schema-graph\">{\"@context\":\"https:\\\/\\\/schema.org\",\"@graph\":[{\"@type\":\"WebPage\",\"@id\":\"https:\\\/\\\/fjellheimengalleri.no\\\/no\\\/produkt\\\/eye-contact\\\/\",\"url\":\"https:\\\/\\\/fjellheimengalleri.no\\\/no\\\/produkt\\\/eye-contact\\\/\",\"name\":\"Eye contact - Fjellheimen Galleri\",\"isPartOf\":{\"@id\":\"https:\\\/\\\/fjellheimengalleri.no\\\/no\\\/#website\"},\"primaryImageOfPage\":{\"@id\":\"https:\\\/\\\/fjellheimengalleri.no\\\/no\\\/produkt\\\/eye-contact\\\/#primaryimage\"},\"image\":{\"@id\":\"https:\\\/\\\/fjellheimengalleri.no\\\/no\\\/produkt\\\/eye-contact\\\/#primaryimage\"},\"thumbnailUrl\":\"https:\\\/\\\/fjellheimengalleri.no\\\/wp-content\\\/uploads\\\/2025\\\/06\\\/Eye-contact_natgeo.jpg\",\"datePublished\":\"2025-06-24T11:26:17+00:00\",\"dateModified\":\"2026-01-06T21:36:03+00:00\",\"description\":\"Fine art print i begrenset opplag\",\"breadcrumb\":{\"@id\":\"https:\\\/\\\/fjellheimengalleri.no\\\/no\\\/produkt\\\/eye-contact\\\/#breadcrumb\"},\"inLanguage\":\"nb-NO\",\"potentialAction\":[{\"@type\":\"ReadAction\",\"target\":[\"https:\\\/\\\/fjellheimengalleri.no\\\/no\\\/produkt\\\/eye-contact\\\/\"]}]},{\"@type\":\"ImageObject\",\"inLanguage\":\"nb-NO\",\"@id\":\"https:\\\/\\\/fjellheimengalleri.no\\\/no\\\/produkt\\\/eye-contact\\\/#primaryimage\",\"url\":\"https:\\\/\\\/fjellheimengalleri.no\\\/wp-content\\\/uploads\\\/2025\\\/06\\\/Eye-contact_natgeo.jpg\",\"contentUrl\":\"https:\\\/\\\/fjellheimengalleri.no\\\/wp-content\\\/uploads\\\/2025\\\/06\\\/Eye-contact_natgeo.jpg\",\"width\":1500,\"height\":1125,\"caption\":\"Eye contact. Tr\u00f8ndelag, Norway, 2015 \\\"Foxes are adaptable opportunists\u2014some even approach people as they quickly learnt there is always some food to find around humans. This individual was obviously one of the bolder ones. However, this was my only encounter with him. He never returned to the mountain cabin where I had a short eye contact with him early May in 2015.\\\"\"},{\"@type\":\"BreadcrumbList\",\"@id\":\"https:\\\/\\\/fjellheimengalleri.no\\\/no\\\/produkt\\\/eye-contact\\\/#breadcrumb\",\"itemListElement\":[{\"@type\":\"ListItem\",\"position\":1,\"name\":\"Home\",\"item\":\"https:\\\/\\\/fjellheimengalleri.no\\\/no\\\/\"},{\"@type\":\"ListItem\",\"position\":2,\"name\":\"Velkommen til Fjellheimen galleri!\",\"item\":\"https:\\\/\\\/fjellheimengalleri.no\\\/no\\\/shop\\\/\"},{\"@type\":\"ListItem\",\"position\":3,\"name\":\"Eye contact\"}]},{\"@type\":\"WebSite\",\"@id\":\"https:\\\/\\\/fjellheimengalleri.no\\\/no\\\/#website\",\"url\":\"https:\\\/\\\/fjellheimengalleri.no\\\/no\\\/\",\"name\":\"Fjellheimen Galleri\",\"description\":\"PRISBEL\u00d8NTE FOTOGRAFIER OG H\u00c5NDLAGEDE BILDERAMMER AV GAMMELT TREVERK FRA DEN NORSKE FJELLHEIMEN, OG MER!\",\"publisher\":{\"@id\":\"https:\\\/\\\/fjellheimengalleri.no\\\/no\\\/#organization\"},\"potentialAction\":[{\"@type\":\"SearchAction\",\"target\":{\"@type\":\"EntryPoint\",\"urlTemplate\":\"https:\\\/\\\/fjellheimengalleri.no\\\/no\\\/?s={search_term_string}\"},\"query-input\":{\"@type\":\"PropertyValueSpecification\",\"valueRequired\":true,\"valueName\":\"search_term_string\"}}],\"inLanguage\":\"nb-NO\"},{\"@type\":\"Organization\",\"@id\":\"https:\\\/\\\/fjellheimengalleri.no\\\/no\\\/#organization\",\"name\":\"Fjellheimen Galleri\",\"url\":\"https:\\\/\\\/fjellheimengalleri.no\\\/no\\\/\",\"logo\":{\"@type\":\"ImageObject\",\"inLanguage\":\"nb-NO\",\"@id\":\"https:\\\/\\\/fjellheimengalleri.no\\\/no\\\/#\\\/schema\\\/logo\\\/image\\\/\",\"url\":\"https:\\\/\\\/fjellheimengalleri.no\\\/wp-content\\\/uploads\\\/2026\\\/02\\\/cropped-Logo_Bla_fjellheimen_galleri-1.png\",\"contentUrl\":\"https:\\\/\\\/fjellheimengalleri.no\\\/wp-content\\\/uploads\\\/2026\\\/02\\\/cropped-Logo_Bla_fjellheimen_galleri-1.png\",\"width\":769,\"height\":473,\"caption\":\"Fjellheimen Galleri\"},\"image\":{\"@id\":\"https:\\\/\\\/fjellheimengalleri.no\\\/no\\\/#\\\/schema\\\/logo\\\/image\\\/\"}}]}<\/script>\n<!-- \/ Yoast SEO plugin. -->","yoast_head_json":{"title":"Eye contact - Fjellheimen Galleri","description":"Fine art print i begrenset opplag","robots":{"index":"index","follow":"follow","max-snippet":"max-snippet:-1","max-image-preview":"max-image-preview:large","max-video-preview":"max-video-preview:-1"},"canonical":"https:\/\/fjellheimengalleri.no\/no\/produkt\/eye-contact\/","og_locale":"nb_NO","og_type":"article","og_title":"Eye contact","og_description":"Fine art print i begrenset opplag","og_url":"https:\/\/fjellheimengalleri.no\/no\/produkt\/eye-contact\/","og_site_name":"Fjellheimen Galleri","article_modified_time":"2026-01-06T21:36:03+00:00","og_image":[{"url":"https:\/\/fjellheimengalleri.no\/wp-content\/uploads\/2025\/06\/Eye-contact_natgeo-with-frame-700x532.jpg","type":"","width":"","height":""}],"twitter_card":"summary_large_image","twitter_misc":{"Ansl. lesetid":"1 minutt"},"schema":{"@context":"https:\/\/schema.org","@graph":[{"@type":"WebPage","@id":"https:\/\/fjellheimengalleri.no\/no\/produkt\/eye-contact\/","url":"https:\/\/fjellheimengalleri.no\/no\/produkt\/eye-contact\/","name":"Eye contact - Fjellheimen Galleri","isPartOf":{"@id":"https:\/\/fjellheimengalleri.no\/no\/#website"},"primaryImageOfPage":{"@id":"https:\/\/fjellheimengalleri.no\/no\/produkt\/eye-contact\/#primaryimage"},"image":{"@id":"https:\/\/fjellheimengalleri.no\/no\/produkt\/eye-contact\/#primaryimage"},"thumbnailUrl":"https:\/\/fjellheimengalleri.no\/wp-content\/uploads\/2025\/06\/Eye-contact_natgeo.jpg","datePublished":"2025-06-24T11:26:17+00:00","dateModified":"2026-01-06T21:36:03+00:00","description":"Fine art print i begrenset opplag","breadcrumb":{"@id":"https:\/\/fjellheimengalleri.no\/no\/produkt\/eye-contact\/#breadcrumb"},"inLanguage":"nb-NO","potentialAction":[{"@type":"ReadAction","target":["https:\/\/fjellheimengalleri.no\/no\/produkt\/eye-contact\/"]}]},{"@type":"ImageObject","inLanguage":"nb-NO","@id":"https:\/\/fjellheimengalleri.no\/no\/produkt\/eye-contact\/#primaryimage","url":"https:\/\/fjellheimengalleri.no\/wp-content\/uploads\/2025\/06\/Eye-contact_natgeo.jpg","contentUrl":"https:\/\/fjellheimengalleri.no\/wp-content\/uploads\/2025\/06\/Eye-contact_natgeo.jpg","width":1500,"height":1125,"caption":"Eye contact. Tr\u00f8ndelag, Norway, 2015 \"Foxes are adaptable opportunists\u2014some even approach people as they quickly learnt there is always some food to find around humans. This individual was obviously one of the bolder ones. However, this was my only encounter with him. He never returned to the mountain cabin where I had a short eye contact with him early May in 2015.\""},{"@type":"BreadcrumbList","@id":"https:\/\/fjellheimengalleri.no\/no\/produkt\/eye-contact\/#breadcrumb","itemListElement":[{"@type":"ListItem","position":1,"name":"Home","item":"https:\/\/fjellheimengalleri.no\/no\/"},{"@type":"ListItem","position":2,"name":"Velkommen til Fjellheimen galleri!","item":"https:\/\/fjellheimengalleri.no\/no\/shop\/"},{"@type":"ListItem","position":3,"name":"Eye contact"}]},{"@type":"WebSite","@id":"https:\/\/fjellheimengalleri.no\/no\/#website","url":"https:\/\/fjellheimengalleri.no\/no\/","name":"Fjellheimen Galleri","description":"PRISBEL\u00d8NTE FOTOGRAFIER OG H\u00c5NDLAGEDE BILDERAMMER AV GAMMELT TREVERK FRA DEN NORSKE FJELLHEIMEN, OG MER!","publisher":{"@id":"https:\/\/fjellheimengalleri.no\/no\/#organization"},"potentialAction":[{"@type":"SearchAction","target":{"@type":"EntryPoint","urlTemplate":"https:\/\/fjellheimengalleri.no\/no\/?s={search_term_string}"},"query-input":{"@type":"PropertyValueSpecification","valueRequired":true,"valueName":"search_term_string"}}],"inLanguage":"nb-NO"},{"@type":"Organization","@id":"https:\/\/fjellheimengalleri.no\/no\/#organization","name":"Fjellheimen Galleri","url":"https:\/\/fjellheimengalleri.no\/no\/","logo":{"@type":"ImageObject","inLanguage":"nb-NO","@id":"https:\/\/fjellheimengalleri.no\/no\/#\/schema\/logo\/image\/","url":"https:\/\/fjellheimengalleri.no\/wp-content\/uploads\/2026\/02\/cropped-Logo_Bla_fjellheimen_galleri-1.png","contentUrl":"https:\/\/fjellheimengalleri.no\/wp-content\/uploads\/2026\/02\/cropped-Logo_Bla_fjellheimen_galleri-1.png","width":769,"height":473,"caption":"Fjellheimen Galleri"},"image":{"@id":"https:\/\/fjellheimengalleri.no\/no\/#\/schema\/logo\/image\/"}}]}},"_links":{"self":[{"href":"https:\/\/fjellheimengalleri.no\/no\/wp-json\/wp\/v2\/product\/20248","targetHints":{"allow":["GET"]}}],"collection":[{"href":"https:\/\/fjellheimengalleri.no\/no\/wp-json\/wp\/v2\/product"}],"about":[{"href":"https:\/\/fjellheimengalleri.no\/no\/wp-json\/wp\/v2\/types\/product"}],"wp:featuredmedia":[{"embeddable":true,"href":"https:\/\/fjellheimengalleri.no\/no\/wp-json\/wp\/v2\/media\/20243"}],"wp:attachment":[{"href":"https:\/\/fjellheimengalleri.no\/no\/wp-json\/wp\/v2\/media?parent=20248"}],"wp:term":[{"taxonomy":"product_brand","embeddable":true,"href":"https:\/\/fjellheimengalleri.no\/no\/wp-json\/wp\/v2\/product_brand?post=20248"},{"taxonomy":"product_cat","embeddable":true,"href":"https:\/\/fjellheimengalleri.no\/no\/wp-json\/wp\/v2\/product_cat?post=20248"},{"taxonomy":"product_tag","embeddable":true,"href":"https:\/\/fjellheimengalleri.no\/no\/wp-json\/wp\/v2\/product_tag?post=20248"},{"taxonomy":"product-subject","embeddable":true,"href":"https:\/\/fjellheimengalleri.no\/no\/wp-json\/wp\/v2\/product-subject?post=20248"},{"taxonomy":"product-season","embeddable":true,"href":"https:\/\/fjellheimengalleri.no\/no\/wp-json\/wp\/v2\/product-season?post=20248"},{"taxonomy":"product-exhibition","embeddable":true,"href":"https:\/\/fjellheimengalleri.no\/no\/wp-json\/wp\/v2\/product-exhibition?post=20248"},{"taxonomy":"product-theme","embeddable":true,"href":"https:\/\/fjellheimengalleri.no\/no\/wp-json\/wp\/v2\/product-theme?post=20248"},{"taxonomy":"product-colour","embeddable":true,"href":"https:\/\/fjellheimengalleri.no\/no\/wp-json\/wp\/v2\/product-colour?post=20248"},{"taxonomy":"product-land","embeddable":true,"href":"https:\/\/fjellheimengalleri.no\/no\/wp-json\/wp\/v2\/product-land?post=20248"},{"taxonomy":"product-print-size","embeddable":true,"href":"https:\/\/fjellheimengalleri.no\/no\/wp-json\/wp\/v2\/product-print-size?post=20248"}],"curies":[{"name":"wp","href":"https:\/\/api.w.org\/{rel}","templated":true}]}}